{"id":117558,"date":"2025-07-29T21:26:36","date_gmt":"2025-07-30T03:26:36","guid":{"rendered":"https:\/\/hridaya-yoga.com\/guidelines\/france-center-community\/"},"modified":"2025-12-09T14:37:01","modified_gmt":"2025-12-09T20:37:01","slug":"communaute-centre-france","status":"publish","type":"page","link":"https:\/\/hridaya-yoga.com\/fr\/lignes-directrices\/communaute-centre-france\/","title":{"rendered":"Hridaya France \u2013 R\u00e8gles du Centre et de la Communaut\u00e9"},"content":{"rendered":"\t\t<div data-elementor-type=\"wp-page\" data-elementor-id=\"117558\" class=\"elementor elementor-117558 elementor-117543\" data-elementor-post-type=\"page\">\n\t\t\t\t<section class=\"elementor-element elementor-element-1183f3e e-flex e-con-boxed e-con e-parent\" data-id=\"1183f3e\" data-element_type=\"container\" data-settings=\"{&quot;jet_parallax_layout_list&quot;:[]}\">\n\t\t\t\t\t<div class=\"e-con-inner\">\n\t\t<div class=\"elementor-element elementor-element-2b2c3a4c e-con-full e-flex e-con e-child\" data-id=\"2b2c3a4c\" data-element_type=\"container\" data-settings=\"{&quot;background_background&quot;:&quot;classic&quot;,&quot;jet_parallax_layout_list&quot;:[]}\">\n\t\t<div class=\"elementor-element elementor-element-5e960cc2 e-con-full e-flex e-con e-child\" data-id=\"5e960cc2\" data-element_type=\"container\" data-settings=\"{&quot;jet_parallax_layout_list&quot;:[],&quot;background_background&quot;:&quot;classic&quot;}\">\n\t\t\t\t<div class=\"elementor-element elementor-element-7bf506e elementor-widget elementor-widget-heading\" data-id=\"7bf506e\" data-element_type=\"widget\" data-widget_type=\"heading.default\">\n\t\t\t\t\t<h1 class=\"elementor-heading-title elementor-size-default\">Hridaya France \u2013 R\u00e8gles du Centre et de la Communaut\u00e9<\/h1>\t\t\t\t<\/div>\n\t\t\t\t<\/div>\n\t\t\t\t<\/div>\n\t\t\t\t\t<\/div>\n\t\t\t\t<\/section>\n\t\t<div class=\"elementor-element elementor-element-6e62a683 e-flex e-con-boxed e-con e-parent\" data-id=\"6e62a683\" data-element_type=\"container\" data-settings=\"{&quot;jet_parallax_layout_list&quot;:[]}\">\n\t\t\t\t\t<div class=\"e-con-inner\">\n\t\t<div class=\"elementor-element elementor-element-ccabd2b e-con-full e-flex e-con e-child\" data-id=\"ccabd2b\" data-element_type=\"container\" data-settings=\"{&quot;jet_parallax_layout_list&quot;:[]}\">\n\t\t<div class=\"elementor-element elementor-element-ecd5c21 e-con-full e-flex e-con e-child\" data-id=\"ecd5c21\" data-element_type=\"container\" data-settings=\"{&quot;jet_parallax_layout_list&quot;:[]}\">\n\t\t<div class=\"elementor-element elementor-element-6d59e4dd e-con-full e-flex e-con e-child\" data-id=\"6d59e4dd\" data-element_type=\"container\" data-settings=\"{&quot;jet_parallax_layout_list&quot;:[]}\">\n\t\t\t\t<\/div>\n\t\t<div class=\"elementor-element elementor-element-36424f60 e-con-full e-flex e-con e-child\" data-id=\"36424f60\" data-element_type=\"container\" data-settings=\"{&quot;jet_parallax_layout_list&quot;:[]}\">\n\t\t\t\t<div class=\"elementor-element elementor-element-37b9bce elementor-widget elementor-widget-text-editor\" data-id=\"37b9bce\" data-element_type=\"widget\" data-widget_type=\"text-editor.default\">\n\t\t\t\t\t\t\t\t\t<p>Hridaya France est une association \u00e0 but non lucratif (loi fran\u00e7aise du 1er juillet 1901). Notre mission est de promouvoir le bien-\u00eatre du plus grand nombre par l\u2019enseignement et la pratique du Hridaya Yoga et de la M\u00e9ditation et d\u2019offrir un environnement adapt\u00e9 et favorable au cheminement spirituel et personnel de chacun.<\/p>\t\t\t\t\t\t\t\t<\/div>\n\t\t\t\t<\/div>\n\t\t\t\t<\/div>\n\t\t\t\t<\/div>\n\t\t<div class=\"elementor-element elementor-element-12d09636 e-con-full e-flex e-con e-child\" data-id=\"12d09636\" data-element_type=\"container\" data-settings=\"{&quot;jet_parallax_layout_list&quot;:[]}\">\n\t\t<div class=\"elementor-element elementor-element-1e5a5e80 e-con-full e-flex e-con e-child\" data-id=\"1e5a5e80\" data-element_type=\"container\" data-settings=\"{&quot;jet_parallax_layout_list&quot;:[]}\">\n\t\t<div class=\"elementor-element elementor-element-1b652b34 e-con-full e-flex e-con e-child\" data-id=\"1b652b34\" data-element_type=\"container\" data-settings=\"{&quot;jet_parallax_layout_list&quot;:[]}\">\n\t\t\t\t<div class=\"elementor-element elementor-element-2f8cea85 elementor-widget elementor-widget-heading\" data-id=\"2f8cea85\" data-element_type=\"widget\" data-widget_type=\"heading.default\">\n\t\t\t\t\t<h5 class=\"elementor-heading-title elementor-size-default\">Points importants<\/h5>\t\t\t\t<\/div>\n\t\t\t\t<\/div>\n\t\t<div class=\"elementor-element elementor-element-1ceac6a2 e-con-full e-flex e-con e-child\" data-id=\"1ceac6a2\" data-element_type=\"container\" data-settings=\"{&quot;jet_parallax_layout_list&quot;:[]}\">\n\t\t\t\t<div class=\"elementor-element elementor-element-1187b754 elementor-widget elementor-widget-text-editor\" data-id=\"1187b754\" data-element_type=\"widget\" data-widget_type=\"text-editor.default\">\n\t\t\t\t\t\t\t\t\t<p>Afin de faire fonctionner notre centre au mieux, nous aimerions vous informer sur les points les plus importants, comme ci-dessous.<\/p><ol><li aria-level=\"1\"><strong>Adh\u00e9sion. <\/strong>Pour des raisons l\u00e9gales, il est n\u00e9cessaire que tout le monde devienne membre de notre association avant ou \u00e0 l\u2019arriv\u00e9e. L\u2019adh\u00e9sion est valide pour la dur\u00e9e de l\u2019ann\u00e9e civile.<\/li><li aria-level=\"1\"><strong>R\u00e8gles de la maison.<\/strong> L\u2019alcool, les drogues et le tabagisme sont strictement interdits partout sur la propri\u00e9t\u00e9.<\/li><li aria-level=\"1\"><strong>Bougies et encens.<\/strong> Il n\u2019est pas permis d\u2019utiliser des bougies ou de l\u2019encens dans les chambres. Pendant les m\u00e9ditations et les activit\u00e9s qui se d\u00e9roulent dans la salle de m\u00e9ditation et \u00e0 l\u2019ext\u00e9rieur, les bougies et l\u2019encens peuvent \u00eatre allum\u00e9s, mais toujours surveill\u00e9s par une personne d\u00e9sign\u00e9e et \u00e9teints \u00e0 la fin de toutes les activit\u00e9s.<\/li><li aria-level=\"1\"><strong>Les espaces communs.<\/strong> Pendant votre s\u00e9jour, prenez conscience que vous partagez des espaces communs avec les autres. S\u2019il vous pla\u00eet, soyez pr\u00e9venant en gardant le bruit au minimum (pas de douche entre 22 heures et 06 heures, marcher doucement, fermer les portes doucement, etc.); garder vos affaires bien rang\u00e9es; prendre soin de votre vaisselle; et stocker vos chaussures avec attention sur les rangements fournis.<\/li><li aria-level=\"1\"><strong>Sauvegarde des ressources.<\/strong> Pour vivre en harmonie avec la plan\u00e8te, n\u2019oubliez pas d\u2019\u00e9conomiser l\u2019eau et l\u2019\u00e9lectricit\u00e9. Prenez des douches courtes et utilisez l\u2019\u00e9lectricit\u00e9 \u00e0 bon escient. \u00c9teignez toujours les lampes lorsque vous ne les utilisez pas.<\/li><li aria-level=\"1\"><strong>Affaires de toilette : savon biod\u00e9gradable, shampoing et autres produits de toilette. Note :<\/strong> Notre centre a un syst\u00e8me d\u2019\u00e9gouts \u00e9cologique. Par cons\u00e9quent, nous avons une politique stricte obligeant tous les participants \u00e0 utiliser des <strong>produits de toilette biologiques, 100% naturels et sans produits chimiques<\/strong>. Une gamme de ces produits est disponible dans notre boutique sur place.<\/li><li aria-level=\"1\"><strong>Utilisation du Wi-Fi.\u00a0<\/strong> Le t\u00e9l\u00e9chargement ill\u00e9gal de films, de s\u00e9ries, de musique, etc. est strictement interdit lors de l\u2019utilisation du Wi-Fi de la biblioth\u00e8que. Il existe en France des lois strictes pour prot\u00e9ger les artistes et la culture en g\u00e9n\u00e9ral. De tels t\u00e9l\u00e9chargements peuvent entra\u00eener de lourdes amendes.<\/li><\/ol><p><br \/>Nous esp\u00e9rons que vous appr\u00e9cierez pleinement votre s\u00e9jour ici \u00e0 Hridaya France et que ce sera une exp\u00e9rience qui vous ouvrira le c\u0153ur !<br \/><br \/><em><strong>Que la lumi\u00e8re du C\u0153ur Spirituel guide votre chemin !<\/strong><\/em><\/p>\t\t\t\t\t\t\t\t<\/div>\n\t\t\t\t<\/div>\n\t\t\t\t<\/div>\n\t\t\t\t<\/div>\n\t\t\t\t\t<\/div>\n\t\t\t\t<\/div>\n\t\t\t\t<\/div>\n\t\t","protected":false},"excerpt":{"rendered":"<p>Hridaya France est une association \u00e0 but non lucratif (loi fran\u00e7aise du 1er juillet 1901). Notre mission est de promouvoir le bien-\u00eatre du plus grand nombre par l\u2019enseignement et la pratique du Hridaya Yoga et de la M\u00e9ditation et d\u2019offrir un environnement adapt\u00e9 et favorable au cheminement spirituel et personnel de chacun. Points importants Afin [&hellip;]<\/p>\n","protected":false},"author":1,"featured_media":113669,"parent":0,"menu_order":0,"comment_status":"closed","ping_status":"closed","template":"","meta":{"inline_featured_image":false,"footnotes":""},"categories":[],"class_list":["post-117558","page","type-page","status-publish","has-post-thumbnail","hentry"],"yoast_head":"<!-- This site is optimized with the Yoast SEO plugin v26.6 - https:\/\/yoast.com\/wordpress\/plugins\/seo\/ -->\n<title>Hridaya France \u2013 R\u00e8gles du Centre et de la Communaut\u00e9<\/title>\n<meta name=\"robots\" content=\"index, follow, max-snippet:-1, max-image-preview:large, max-video-preview:-1\" \/>\n<link rel=\"canonical\" href=\"https:\/\/hridaya-yoga.com\/fr\/lignes-directrices\/communaute-centre-france\/\" \/>\n<meta property=\"og:locale\" content=\"fr_FR\" \/>\n<meta property=\"og:type\" content=\"article\" \/>\n<meta property=\"og:title\" content=\"Hridaya France \u2013 R\u00e8gles du Centre et de la Communaut\u00e9\" \/>\n<meta property=\"og:description\" content=\"Hridaya France est une association \u00e0 but non lucratif (loi fran\u00e7aise du 1er juillet 1901). Notre mission est de promouvoir le bien-\u00eatre du plus grand nombre par l\u2019enseignement et la pratique du Hridaya Yoga et de la M\u00e9ditation et d\u2019offrir un environnement adapt\u00e9 et favorable au cheminement spirituel et personnel de chacun. Points importants Afin [&hellip;]\" \/>\n<meta property=\"og:url\" content=\"https:\/\/hridaya-yoga.com\/fr\/lignes-directrices\/communaute-centre-france\/\" \/>\n<meta property=\"og:site_name\" content=\"Hridaya\" \/>\n<meta property=\"article:modified_time\" content=\"2025-12-09T20:37:01+00:00\" \/>\n<meta property=\"og:image\" content=\"https:\/\/hridaya-yoga.com\/wp-content\/uploads\/2025\/08\/1_a_moment_of_freedom_can_change_your_life.webp\" \/>\n\t<meta property=\"og:image:width\" content=\"1200\" \/>\n\t<meta property=\"og:image:height\" content=\"550\" \/>\n\t<meta property=\"og:image:type\" content=\"image\/webp\" \/>\n<meta name=\"twitter:card\" content=\"summary_large_image\" \/>\n<meta name=\"twitter:label1\" content=\"Dur\u00e9e de lecture estim\u00e9e\" \/>\n\t<meta name=\"twitter:data1\" content=\"3 minutes\" \/>\n<script type=\"application\/ld+json\" class=\"yoast-schema-graph\">{\"@context\":\"https:\/\/schema.org\",\"@graph\":[{\"@type\":\"WebPage\",\"@id\":\"https:\/\/hridaya-yoga.com\/fr\/lignes-directrices\/communaute-centre-france\/\",\"url\":\"https:\/\/hridaya-yoga.com\/fr\/lignes-directrices\/communaute-centre-france\/\",\"name\":\"Hridaya France \u2013 R\u00e8gles du Centre et de la Communaut\u00e9\",\"isPartOf\":{\"@id\":\"https:\/\/hridaya-yoga.com\/fr\/#website\"},\"primaryImageOfPage\":{\"@id\":\"https:\/\/hridaya-yoga.com\/fr\/lignes-directrices\/communaute-centre-france\/#primaryimage\"},\"image\":{\"@id\":\"https:\/\/hridaya-yoga.com\/fr\/lignes-directrices\/communaute-centre-france\/#primaryimage\"},\"thumbnailUrl\":\"https:\/\/hridaya-yoga.com\/wp-content\/uploads\/2025\/08\/1_a_moment_of_freedom_can_change_your_life.webp\",\"datePublished\":\"2025-07-30T03:26:36+00:00\",\"dateModified\":\"2025-12-09T20:37:01+00:00\",\"inLanguage\":\"fr-FR\",\"potentialAction\":[{\"@type\":\"ReadAction\",\"target\":[\"https:\/\/hridaya-yoga.com\/fr\/lignes-directrices\/communaute-centre-france\/\"]}]},{\"@type\":\"ImageObject\",\"inLanguage\":\"fr-FR\",\"@id\":\"https:\/\/hridaya-yoga.com\/fr\/lignes-directrices\/communaute-centre-france\/#primaryimage\",\"url\":\"https:\/\/hridaya-yoga.com\/wp-content\/uploads\/2025\/08\/1_a_moment_of_freedom_can_change_your_life.webp\",\"contentUrl\":\"https:\/\/hridaya-yoga.com\/wp-content\/uploads\/2025\/08\/1_a_moment_of_freedom_can_change_your_life.webp\",\"width\":1200,\"height\":550},{\"@type\":\"WebSite\",\"@id\":\"https:\/\/hridaya-yoga.com\/fr\/#website\",\"url\":\"https:\/\/hridaya-yoga.com\/fr\/\",\"name\":\"Hridaya Yoga\",\"description\":\"\",\"publisher\":{\"@id\":\"https:\/\/hridaya-yoga.com\/fr\/#organization\"},\"potentialAction\":[{\"@type\":\"SearchAction\",\"target\":{\"@type\":\"EntryPoint\",\"urlTemplate\":\"https:\/\/hridaya-yoga.com\/fr\/?s={search_term_string}\"},\"query-input\":{\"@type\":\"PropertyValueSpecification\",\"valueRequired\":true,\"valueName\":\"search_term_string\"}}],\"inLanguage\":\"fr-FR\"},{\"@type\":\"Organization\",\"@id\":\"https:\/\/hridaya-yoga.com\/fr\/#organization\",\"name\":\"Hridaya Yoga\",\"url\":\"https:\/\/hridaya-yoga.com\/fr\/\",\"logo\":{\"@type\":\"ImageObject\",\"inLanguage\":\"fr-FR\",\"@id\":\"https:\/\/hridaya-yoga.com\/fr\/#\/schema\/logo\/image\/\",\"url\":\"https:\/\/hridaya-yoga.com\/wp-content\/uploads\/2024\/10\/logo-hridaya@2.png\",\"contentUrl\":\"https:\/\/hridaya-yoga.com\/wp-content\/uploads\/2024\/10\/logo-hridaya@2.png\",\"width\":430,\"height\":119,\"caption\":\"Hridaya Yoga\"},\"image\":{\"@id\":\"https:\/\/hridaya-yoga.com\/fr\/#\/schema\/logo\/image\/\"}}]}<\/script>\n<!-- \/ Yoast SEO plugin. -->","yoast_head_json":{"title":"Hridaya France \u2013 R\u00e8gles du Centre et de la Communaut\u00e9","robots":{"index":"index","follow":"follow","max-snippet":"max-snippet:-1","max-image-preview":"max-image-preview:large","max-video-preview":"max-video-preview:-1"},"canonical":"https:\/\/hridaya-yoga.com\/fr\/lignes-directrices\/communaute-centre-france\/","og_locale":"fr_FR","og_type":"article","og_title":"Hridaya France \u2013 R\u00e8gles du Centre et de la Communaut\u00e9","og_description":"Hridaya France est une association \u00e0 but non lucratif (loi fran\u00e7aise du 1er juillet 1901). Notre mission est de promouvoir le bien-\u00eatre du plus grand nombre par l\u2019enseignement et la pratique du Hridaya Yoga et de la M\u00e9ditation et d\u2019offrir un environnement adapt\u00e9 et favorable au cheminement spirituel et personnel de chacun. Points importants Afin [&hellip;]","og_url":"https:\/\/hridaya-yoga.com\/fr\/lignes-directrices\/communaute-centre-france\/","og_site_name":"Hridaya","article_modified_time":"2025-12-09T20:37:01+00:00","og_image":[{"width":1200,"height":550,"url":"https:\/\/hridaya-yoga.com\/wp-content\/uploads\/2025\/08\/1_a_moment_of_freedom_can_change_your_life.webp","type":"image\/webp"}],"twitter_card":"summary_large_image","twitter_misc":{"Dur\u00e9e de lecture estim\u00e9e":"3 minutes"},"schema":{"@context":"https:\/\/schema.org","@graph":[{"@type":"WebPage","@id":"https:\/\/hridaya-yoga.com\/fr\/lignes-directrices\/communaute-centre-france\/","url":"https:\/\/hridaya-yoga.com\/fr\/lignes-directrices\/communaute-centre-france\/","name":"Hridaya France \u2013 R\u00e8gles du Centre et de la Communaut\u00e9","isPartOf":{"@id":"https:\/\/hridaya-yoga.com\/fr\/#website"},"primaryImageOfPage":{"@id":"https:\/\/hridaya-yoga.com\/fr\/lignes-directrices\/communaute-centre-france\/#primaryimage"},"image":{"@id":"https:\/\/hridaya-yoga.com\/fr\/lignes-directrices\/communaute-centre-france\/#primaryimage"},"thumbnailUrl":"https:\/\/hridaya-yoga.com\/wp-content\/uploads\/2025\/08\/1_a_moment_of_freedom_can_change_your_life.webp","datePublished":"2025-07-30T03:26:36+00:00","dateModified":"2025-12-09T20:37:01+00:00","inLanguage":"fr-FR","potentialAction":[{"@type":"ReadAction","target":["https:\/\/hridaya-yoga.com\/fr\/lignes-directrices\/communaute-centre-france\/"]}]},{"@type":"ImageObject","inLanguage":"fr-FR","@id":"https:\/\/hridaya-yoga.com\/fr\/lignes-directrices\/communaute-centre-france\/#primaryimage","url":"https:\/\/hridaya-yoga.com\/wp-content\/uploads\/2025\/08\/1_a_moment_of_freedom_can_change_your_life.webp","contentUrl":"https:\/\/hridaya-yoga.com\/wp-content\/uploads\/2025\/08\/1_a_moment_of_freedom_can_change_your_life.webp","width":1200,"height":550},{"@type":"WebSite","@id":"https:\/\/hridaya-yoga.com\/fr\/#website","url":"https:\/\/hridaya-yoga.com\/fr\/","name":"Hridaya Yoga","description":"","publisher":{"@id":"https:\/\/hridaya-yoga.com\/fr\/#organization"},"potentialAction":[{"@type":"SearchAction","target":{"@type":"EntryPoint","urlTemplate":"https:\/\/hridaya-yoga.com\/fr\/?s={search_term_string}"},"query-input":{"@type":"PropertyValueSpecification","valueRequired":true,"valueName":"search_term_string"}}],"inLanguage":"fr-FR"},{"@type":"Organization","@id":"https:\/\/hridaya-yoga.com\/fr\/#organization","name":"Hridaya Yoga","url":"https:\/\/hridaya-yoga.com\/fr\/","logo":{"@type":"ImageObject","inLanguage":"fr-FR","@id":"https:\/\/hridaya-yoga.com\/fr\/#\/schema\/logo\/image\/","url":"https:\/\/hridaya-yoga.com\/wp-content\/uploads\/2024\/10\/logo-hridaya@2.png","contentUrl":"https:\/\/hridaya-yoga.com\/wp-content\/uploads\/2024\/10\/logo-hridaya@2.png","width":430,"height":119,"caption":"Hridaya Yoga"},"image":{"@id":"https:\/\/hridaya-yoga.com\/fr\/#\/schema\/logo\/image\/"}}]}},"_links":{"self":[{"href":"https:\/\/hridaya-yoga.com\/fr\/wp-json\/wp\/v2\/pages\/117558","targetHints":{"allow":["GET"]}}],"collection":[{"href":"https:\/\/hridaya-yoga.com\/fr\/wp-json\/wp\/v2\/pages"}],"about":[{"href":"https:\/\/hridaya-yoga.com\/fr\/wp-json\/wp\/v2\/types\/page"}],"author":[{"embeddable":true,"href":"https:\/\/hridaya-yoga.com\/fr\/wp-json\/wp\/v2\/users\/1"}],"replies":[{"embeddable":true,"href":"https:\/\/hridaya-yoga.com\/fr\/wp-json\/wp\/v2\/comments?post=117558"}],"version-history":[{"count":1,"href":"https:\/\/hridaya-yoga.com\/fr\/wp-json\/wp\/v2\/pages\/117558\/revisions"}],"predecessor-version":[{"id":133080,"href":"https:\/\/hridaya-yoga.com\/fr\/wp-json\/wp\/v2\/pages\/117558\/revisions\/133080"}],"wp:featuredmedia":[{"embeddable":true,"href":"https:\/\/hridaya-yoga.com\/fr\/wp-json\/wp\/v2\/media\/113669"}],"wp:attachment":[{"href":"https:\/\/hridaya-yoga.com\/fr\/wp-json\/wp\/v2\/media?parent=117558"}],"wp:term":[{"taxonomy":"category","embeddable":true,"href":"https:\/\/hridaya-yoga.com\/fr\/wp-json\/wp\/v2\/categories?post=117558"}],"curies":[{"name":"wp","href":"https:\/\/api.w.org\/{rel}","templated":true}]}}