{"id":117456,"date":"2025-07-29T21:43:45","date_gmt":"2025-07-30T03:43:45","guid":{"rendered":"https:\/\/hridaya-yoga.com\/guidelines\/mental-health-disclaimer-module-1\/"},"modified":"2025-12-09T14:37:00","modified_gmt":"2025-12-09T20:37:00","slug":"decharge-responsabilite-matiere-sante-mentale-module-1","status":"publish","type":"page","link":"https:\/\/hridaya-yoga.com\/fr\/lignes-directrices\/decharge-responsabilite-matiere-sante-mentale-module-1\/","title":{"rendered":"D\u00e9charge de responsabilit\u00e9 en mati\u00e8re de sant\u00e9 mentale \u2014 Module 1 Intensif"},"content":{"rendered":"\t\t<div data-elementor-type=\"wp-page\" data-elementor-id=\"117456\" class=\"elementor elementor-117456 elementor-112629\" data-elementor-post-type=\"page\">\n\t\t\t\t<section class=\"elementor-element elementor-element-6ac9921f e-flex e-con-boxed e-con e-parent\" data-id=\"6ac9921f\" data-element_type=\"container\" data-settings=\"{&quot;jet_parallax_layout_list&quot;:[]}\">\n\t\t\t\t\t<div class=\"e-con-inner\">\n\t\t<div class=\"elementor-element elementor-element-12bf7df7 e-con-full e-flex e-con e-child\" data-id=\"12bf7df7\" data-element_type=\"container\" data-settings=\"{&quot;background_background&quot;:&quot;classic&quot;,&quot;jet_parallax_layout_list&quot;:[]}\">\n\t\t<div class=\"elementor-element elementor-element-4a9e27bc e-con-full e-flex e-con e-child\" data-id=\"4a9e27bc\" data-element_type=\"container\" data-settings=\"{&quot;jet_parallax_layout_list&quot;:[],&quot;background_background&quot;:&quot;classic&quot;}\">\n\t\t\t\t<div class=\"elementor-element elementor-element-5837a77f elementor-widget elementor-widget-heading\" data-id=\"5837a77f\" data-element_type=\"widget\" data-widget_type=\"heading.default\">\n\t\t\t\t\t<h1 class=\"elementor-heading-title elementor-size-default\">D\u00e9charge de responsabilit\u00e9 en mati\u00e8re de sant\u00e9 mentale \u2014 Module 1 Intensif<\/h1>\t\t\t\t<\/div>\n\t\t\t\t<\/div>\n\t\t\t\t<\/div>\n\t\t\t\t\t<\/div>\n\t\t\t\t<\/section>\n\t\t<div class=\"elementor-element elementor-element-4b436a20 e-flex e-con-boxed e-con e-parent\" data-id=\"4b436a20\" data-element_type=\"container\" data-settings=\"{&quot;jet_parallax_layout_list&quot;:[]}\">\n\t\t\t\t\t<div class=\"e-con-inner\">\n\t\t<div class=\"elementor-element elementor-element-4973c2cb e-con-full e-flex e-con e-child\" data-id=\"4973c2cb\" data-element_type=\"container\" data-settings=\"{&quot;jet_parallax_layout_list&quot;:[]}\">\n\t\t<div class=\"elementor-element elementor-element-6baee373 e-con-full e-flex e-con e-child\" data-id=\"6baee373\" data-element_type=\"container\" data-settings=\"{&quot;jet_parallax_layout_list&quot;:[]}\">\n\t\t<div class=\"elementor-element elementor-element-369c319 e-con-full e-flex e-con e-child\" data-id=\"369c319\" data-element_type=\"container\" data-settings=\"{&quot;jet_parallax_layout_list&quot;:[]}\">\n\t\t\t\t<\/div>\n\t\t<div class=\"elementor-element elementor-element-7f178dd1 e-con-full e-flex e-con e-child\" data-id=\"7f178dd1\" data-element_type=\"container\" data-settings=\"{&quot;jet_parallax_layout_list&quot;:[]}\">\n\t\t\t\t<div class=\"elementor-element elementor-element-19f5d287 elementor-widget elementor-widget-text-editor\" data-id=\"19f5d287\" data-element_type=\"widget\" data-widget_type=\"text-editor.default\">\n\t\t\t\t\t\t\t\t\t<p>La retraite Hridaya Yoga \u2013 Module 1 intensif s&rsquo;adresse aux personnes souhaitant explorer dans un environnement bienveillant la pratique du Yoga, ainsi que ses enseignements th\u00e9oriques et philosophiques du Yoga. Dans la tradition du Yoga, il est recommand\u00e9 d&rsquo;adopter une attitude spirituelle qui permette d&rsquo;observer et de se d\u00e9tacher de tous les ph\u00e9nom\u00e8nes du mental. Ces retraites ne sont aucunement destin\u00e9es \u00e0 diagnostiquer, \u00e0 faire face ou \u00e0 soigner des probl\u00e8mes de sant\u00e9 mentale. Pour profiter pleinement de ce programme, il est recommand\u00e9 d&rsquo;\u00eatre dans un \u00e9tat \u00e9motionnel et psychologique stable.<\/p>\t\t\t\t\t\t\t\t<\/div>\n\t\t\t\t<\/div>\n\t\t\t\t<\/div>\n\t\t\t\t<\/div>\n\t\t<div class=\"elementor-element elementor-element-a2d28f7 e-con-full e-flex e-con e-child\" data-id=\"a2d28f7\" data-element_type=\"container\" data-settings=\"{&quot;jet_parallax_layout_list&quot;:[]}\">\n\t\t<div class=\"elementor-element elementor-element-61fd2055 e-con-full e-flex e-con e-child\" data-id=\"61fd2055\" data-element_type=\"container\" data-settings=\"{&quot;jet_parallax_layout_list&quot;:[]}\">\n\t\t<div class=\"elementor-element elementor-element-3ccd0f6a e-con-full e-flex e-con e-child\" data-id=\"3ccd0f6a\" data-element_type=\"container\" data-settings=\"{&quot;jet_parallax_layout_list&quot;:[]}\">\n\t\t\t\t<div class=\"elementor-element elementor-element-56d9d729 elementor-widget elementor-widget-heading\" data-id=\"56d9d729\" data-element_type=\"widget\" data-widget_type=\"heading.default\">\n\t\t\t\t\t<h5 class=\"elementor-heading-title elementor-size-default\">Sensibilisation aux questions de sant\u00e9 mentale<\/h5>\t\t\t\t<\/div>\n\t\t\t\t<\/div>\n\t\t<div class=\"elementor-element elementor-element-6dfda52 e-con-full e-flex e-con e-child\" data-id=\"6dfda52\" data-element_type=\"container\" data-settings=\"{&quot;jet_parallax_layout_list&quot;:[]}\">\n\t\t\t\t<div class=\"elementor-element elementor-element-6bab894c elementor-widget elementor-widget-text-editor\" data-id=\"6bab894c\" data-element_type=\"widget\" data-widget_type=\"text-editor.default\">\n\t\t\t\t\t\t\t\t\t<p>Si vous souffrez ou avez souffert de troubles psychologiques graves, nous vous encourageons \u00e0 \u00e9valuer avec sinc\u00e9rit\u00e9 l&rsquo;\u00e9tat de votre sant\u00e9 mentale et \u00e9motionnelle avant de vous inscrire au Module 1. Ce programme est intense, et peut, selon les circonstances, ne pas convenir \u00e0 tout le monde.<\/p><p>Les enseignants Hridaya sont form\u00e9s pour guider les participants dans leur pratique du Yoga et de la m\u00e9ditation, et pour soutenir leur cheminement spirituel. Toutefois, n&rsquo;\u00e9tant pas des professionnels de la sant\u00e9 mentale, ils ne peuvent offrir une assistance individuelle relevant du domaine de la psychoth\u00e9rapie ou de la psychiatrie. Notre personnel n&rsquo;est pas habilit\u00e9 \u00e0 fournir un service psychologique d&rsquo;urgence ou un soutien en cas de pathologies aigu\u00ebs.<\/p><p>Le Module 1 n&rsquo;a pas vocation \u00e0 se substituer \u00e0 un suivi professionnel en mati\u00e8re de sant\u00e9 mentale. Hridaya et ses enseignants ne peuvent \u00eatre tenus responsables de tout effet ind\u00e9sirable survenant pendant ou apr\u00e8s la participation \u00e0 l&rsquo;une de nos retraites, y compris en cas de d\u00e9t\u00e9rioration d&rsquo;un trouble pr\u00e9existant.<\/p><p>Si vous souffrez de troubles mentaux graves, nous vous recommandons de solliciter un soutien professionnel et de reporter votre participation au Module 1 jusqu&rsquo;\u00e0 ce que vous vous sentiez plus stable et que vous soyez accompagn\u00e9 dans votre d\u00e9marche de soins.<\/p><p>Si vous avez des doutes sur votre capacit\u00e9 \u00e0 participer au Module 1 en raison de troubles pass\u00e9s ou pr\u00e9sents, nous vous encourageons \u00e0 contacter nos centres en <span style=\"text-decoration: underline;\"><a href=\"mailto:info@hridaya-yoga.fr\">France<\/a><\/span> ou au <span style=\"text-decoration: underline;\"><a href=\"mailto:info@hridaya-yoga.mx\">Mexique<\/a><\/span> avant de vous inscrire. Nous pourrons vous aider \u00e0 d\u00e9terminer si c&rsquo;est le bon moment pour vous de participer \u00e0 une retraite ou s&rsquo;il est pr\u00e9f\u00e9rable de retarder votre venue.<\/p><h3>\u00a0<\/h3>\t\t\t\t\t\t\t\t<\/div>\n\t\t\t\t<\/div>\n\t\t\t\t<\/div>\n\t\t\t\t<\/div>\n\t\t<div class=\"elementor-element elementor-element-5afcf8fa e-con-full e-flex e-con e-child\" data-id=\"5afcf8fa\" data-element_type=\"container\" data-settings=\"{&quot;jet_parallax_layout_list&quot;:[]}\">\n\t\t<div class=\"elementor-element elementor-element-6653f798 e-con-full e-flex e-con e-child\" data-id=\"6653f798\" data-element_type=\"container\" data-settings=\"{&quot;jet_parallax_layout_list&quot;:[]}\">\n\t\t<div class=\"elementor-element elementor-element-34673546 e-con-full e-flex e-con e-child\" data-id=\"34673546\" data-element_type=\"container\" data-settings=\"{&quot;jet_parallax_layout_list&quot;:[]}\">\n\t\t\t\t<div class=\"elementor-element elementor-element-2b03483a elementor-widget elementor-widget-heading\" data-id=\"2b03483a\" data-element_type=\"widget\" data-widget_type=\"heading.default\">\n\t\t\t\t\t<h5 class=\"elementor-heading-title elementor-size-default\">D\u00e9claration sur l\u2019honneur<\/h5>\t\t\t\t<\/div>\n\t\t\t\t<\/div>\n\t\t<div class=\"elementor-element elementor-element-700e1e3c e-con-full e-flex e-con e-child\" data-id=\"700e1e3c\" data-element_type=\"container\" data-settings=\"{&quot;jet_parallax_layout_list&quot;:[]}\">\n\t\t\t\t<div class=\"elementor-element elementor-element-6ba12347 elementor-widget elementor-widget-text-editor\" data-id=\"6ba12347\" data-element_type=\"widget\" data-widget_type=\"text-editor.default\">\n\t\t\t\t\t\t\t\t\t<p>En m&rsquo;inscrivant \u00e0 la retraite Hridaya Yoga \u2013 Module 1 intensif, j&rsquo;atteste avoir lu et compris les informations mentionn\u00e9es ci-dessus. Je suis conscient\u00b7e que la participation au Module 1 ne peut remplacer une prise en charge professionnelle en mati\u00e8re de sant\u00e9 mentale et que ce programme s&rsquo;adresse \u00e0 des personnes dont l&rsquo;\u00e9tat \u00e9motionnel et psychologique est stable. Je comprends que ce programme ne peut remplacer une th\u00e9rapie. Je confirme que je ne souffre pas de troubles mentaux graves ou de probl\u00e8mes \u00e9motionnels susceptibles d&rsquo;\u00eatre exacerb\u00e9s ou affect\u00e9s n\u00e9gativement par un tel environnement transformateur. Je comprends que je suis responsable de mon bien-\u00eatre et de mes besoins personnels pendant la retraite. Je certifie que je contacterai l&rsquo;\u00e9quipe Hridaya, en <span style=\"text-decoration: underline;\"><a href=\"mailto:info@hridaya-yoga.fr\">France<\/a><\/span> ou au <span style=\"text-decoration: underline;\"><a href=\"mailto:info@hridaya-yoga.mx\">Mexique<\/a><\/span>, si j&rsquo;ai des interrogations ou si j&rsquo;ai besoin d&rsquo;\u00e9claircissements concernant ma participation au Module 1.<\/p>\t\t\t\t\t\t\t\t<\/div>\n\t\t\t\t<\/div>\n\t\t\t\t<\/div>\n\t\t\t\t<\/div>\n\t\t\t\t\t<\/div>\n\t\t\t\t<\/div>\n\t\t\t\t<\/div>\n\t\t","protected":false},"excerpt":{"rendered":"<p>La retraite Hridaya Yoga \u2013 Module 1 intensif s&rsquo;adresse aux personnes souhaitant explorer dans un environnement bienveillant la pratique du Yoga, ainsi que ses enseignements th\u00e9oriques et philosophiques du Yoga. Dans la tradition du Yoga, il est recommand\u00e9 d&rsquo;adopter une attitude spirituelle qui permette d&rsquo;observer et de se d\u00e9tacher de tous les ph\u00e9nom\u00e8nes du mental. [&hellip;]<\/p>\n","protected":false},"author":1,"featured_media":112607,"parent":0,"menu_order":0,"comment_status":"closed","ping_status":"closed","template":"","meta":{"inline_featured_image":false,"footnotes":""},"categories":[],"class_list":["post-117456","page","type-page","status-publish","has-post-thumbnail","hentry"],"yoast_head":"<!-- This site is optimized with the Yoast SEO plugin v26.6 - https:\/\/yoast.com\/wordpress\/plugins\/seo\/ -->\n<title>D\u00e9charge de responsabilit\u00e9 en mati\u00e8re de sant\u00e9 mentale \u2014 Module 1 Intensif<\/title>\n<meta name=\"robots\" content=\"index, follow, max-snippet:-1, max-image-preview:large, max-video-preview:-1\" \/>\n<link rel=\"canonical\" href=\"https:\/\/hridaya-yoga.com\/fr\/lignes-directrices\/decharge-responsabilite-matiere-sante-mentale-module-1\/\" \/>\n<meta property=\"og:locale\" content=\"fr_FR\" \/>\n<meta property=\"og:type\" content=\"article\" \/>\n<meta property=\"og:title\" content=\"D\u00e9charge de responsabilit\u00e9 en mati\u00e8re de sant\u00e9 mentale \u2014 Module 1 Intensif\" \/>\n<meta property=\"og:description\" content=\"La retraite Hridaya Yoga \u2013 Module 1 intensif s&rsquo;adresse aux personnes souhaitant explorer dans un environnement bienveillant la pratique du Yoga, ainsi que ses enseignements th\u00e9oriques et philosophiques du Yoga. Dans la tradition du Yoga, il est recommand\u00e9 d&rsquo;adopter une attitude spirituelle qui permette d&rsquo;observer et de se d\u00e9tacher de tous les ph\u00e9nom\u00e8nes du mental. [&hellip;]\" \/>\n<meta property=\"og:url\" content=\"https:\/\/hridaya-yoga.com\/fr\/lignes-directrices\/decharge-responsabilite-matiere-sante-mentale-module-1\/\" \/>\n<meta property=\"og:site_name\" content=\"Hridaya\" \/>\n<meta property=\"article:modified_time\" content=\"2025-12-09T20:37:00+00:00\" \/>\n<meta property=\"og:image\" content=\"https:\/\/hridaya-yoga.com\/wp-content\/uploads\/2025\/07\/06.liability-release.webp\" \/>\n\t<meta property=\"og:image:width\" content=\"1920\" \/>\n\t<meta property=\"og:image:height\" content=\"1280\" \/>\n\t<meta property=\"og:image:type\" content=\"image\/webp\" \/>\n<meta name=\"twitter:card\" content=\"summary_large_image\" \/>\n<meta name=\"twitter:label1\" content=\"Dur\u00e9e de lecture estim\u00e9e\" \/>\n\t<meta name=\"twitter:data1\" content=\"3 minutes\" \/>\n<script type=\"application\/ld+json\" class=\"yoast-schema-graph\">{\"@context\":\"https:\/\/schema.org\",\"@graph\":[{\"@type\":\"WebPage\",\"@id\":\"https:\/\/hridaya-yoga.com\/fr\/lignes-directrices\/decharge-responsabilite-matiere-sante-mentale-module-1\/\",\"url\":\"https:\/\/hridaya-yoga.com\/fr\/lignes-directrices\/decharge-responsabilite-matiere-sante-mentale-module-1\/\",\"name\":\"D\u00e9charge de responsabilit\u00e9 en mati\u00e8re de sant\u00e9 mentale \u2014 Module 1 Intensif\",\"isPartOf\":{\"@id\":\"https:\/\/hridaya-yoga.com\/fr\/#website\"},\"primaryImageOfPage\":{\"@id\":\"https:\/\/hridaya-yoga.com\/fr\/lignes-directrices\/decharge-responsabilite-matiere-sante-mentale-module-1\/#primaryimage\"},\"image\":{\"@id\":\"https:\/\/hridaya-yoga.com\/fr\/lignes-directrices\/decharge-responsabilite-matiere-sante-mentale-module-1\/#primaryimage\"},\"thumbnailUrl\":\"https:\/\/hridaya-yoga.com\/wp-content\/uploads\/2025\/07\/06.liability-release.webp\",\"datePublished\":\"2025-07-30T03:43:45+00:00\",\"dateModified\":\"2025-12-09T20:37:00+00:00\",\"inLanguage\":\"fr-FR\",\"potentialAction\":[{\"@type\":\"ReadAction\",\"target\":[\"https:\/\/hridaya-yoga.com\/fr\/lignes-directrices\/decharge-responsabilite-matiere-sante-mentale-module-1\/\"]}]},{\"@type\":\"ImageObject\",\"inLanguage\":\"fr-FR\",\"@id\":\"https:\/\/hridaya-yoga.com\/fr\/lignes-directrices\/decharge-responsabilite-matiere-sante-mentale-module-1\/#primaryimage\",\"url\":\"https:\/\/hridaya-yoga.com\/wp-content\/uploads\/2025\/07\/06.liability-release.webp\",\"contentUrl\":\"https:\/\/hridaya-yoga.com\/wp-content\/uploads\/2025\/07\/06.liability-release.webp\",\"width\":1920,\"height\":1280},{\"@type\":\"WebSite\",\"@id\":\"https:\/\/hridaya-yoga.com\/fr\/#website\",\"url\":\"https:\/\/hridaya-yoga.com\/fr\/\",\"name\":\"Hridaya Yoga\",\"description\":\"\",\"publisher\":{\"@id\":\"https:\/\/hridaya-yoga.com\/fr\/#organization\"},\"potentialAction\":[{\"@type\":\"SearchAction\",\"target\":{\"@type\":\"EntryPoint\",\"urlTemplate\":\"https:\/\/hridaya-yoga.com\/fr\/?s={search_term_string}\"},\"query-input\":{\"@type\":\"PropertyValueSpecification\",\"valueRequired\":true,\"valueName\":\"search_term_string\"}}],\"inLanguage\":\"fr-FR\"},{\"@type\":\"Organization\",\"@id\":\"https:\/\/hridaya-yoga.com\/fr\/#organization\",\"name\":\"Hridaya Yoga\",\"url\":\"https:\/\/hridaya-yoga.com\/fr\/\",\"logo\":{\"@type\":\"ImageObject\",\"inLanguage\":\"fr-FR\",\"@id\":\"https:\/\/hridaya-yoga.com\/fr\/#\/schema\/logo\/image\/\",\"url\":\"https:\/\/hridaya-yoga.com\/wp-content\/uploads\/2024\/10\/logo-hridaya@2.png\",\"contentUrl\":\"https:\/\/hridaya-yoga.com\/wp-content\/uploads\/2024\/10\/logo-hridaya@2.png\",\"width\":430,\"height\":119,\"caption\":\"Hridaya Yoga\"},\"image\":{\"@id\":\"https:\/\/hridaya-yoga.com\/fr\/#\/schema\/logo\/image\/\"}}]}<\/script>\n<!-- \/ Yoast SEO plugin. -->","yoast_head_json":{"title":"D\u00e9charge de responsabilit\u00e9 en mati\u00e8re de sant\u00e9 mentale \u2014 Module 1 Intensif","robots":{"index":"index","follow":"follow","max-snippet":"max-snippet:-1","max-image-preview":"max-image-preview:large","max-video-preview":"max-video-preview:-1"},"canonical":"https:\/\/hridaya-yoga.com\/fr\/lignes-directrices\/decharge-responsabilite-matiere-sante-mentale-module-1\/","og_locale":"fr_FR","og_type":"article","og_title":"D\u00e9charge de responsabilit\u00e9 en mati\u00e8re de sant\u00e9 mentale \u2014 Module 1 Intensif","og_description":"La retraite Hridaya Yoga \u2013 Module 1 intensif s&rsquo;adresse aux personnes souhaitant explorer dans un environnement bienveillant la pratique du Yoga, ainsi que ses enseignements th\u00e9oriques et philosophiques du Yoga. Dans la tradition du Yoga, il est recommand\u00e9 d&rsquo;adopter une attitude spirituelle qui permette d&rsquo;observer et de se d\u00e9tacher de tous les ph\u00e9nom\u00e8nes du mental. [&hellip;]","og_url":"https:\/\/hridaya-yoga.com\/fr\/lignes-directrices\/decharge-responsabilite-matiere-sante-mentale-module-1\/","og_site_name":"Hridaya","article_modified_time":"2025-12-09T20:37:00+00:00","og_image":[{"width":1920,"height":1280,"url":"https:\/\/hridaya-yoga.com\/wp-content\/uploads\/2025\/07\/06.liability-release.webp","type":"image\/webp"}],"twitter_card":"summary_large_image","twitter_misc":{"Dur\u00e9e de lecture estim\u00e9e":"3 minutes"},"schema":{"@context":"https:\/\/schema.org","@graph":[{"@type":"WebPage","@id":"https:\/\/hridaya-yoga.com\/fr\/lignes-directrices\/decharge-responsabilite-matiere-sante-mentale-module-1\/","url":"https:\/\/hridaya-yoga.com\/fr\/lignes-directrices\/decharge-responsabilite-matiere-sante-mentale-module-1\/","name":"D\u00e9charge de responsabilit\u00e9 en mati\u00e8re de sant\u00e9 mentale \u2014 Module 1 Intensif","isPartOf":{"@id":"https:\/\/hridaya-yoga.com\/fr\/#website"},"primaryImageOfPage":{"@id":"https:\/\/hridaya-yoga.com\/fr\/lignes-directrices\/decharge-responsabilite-matiere-sante-mentale-module-1\/#primaryimage"},"image":{"@id":"https:\/\/hridaya-yoga.com\/fr\/lignes-directrices\/decharge-responsabilite-matiere-sante-mentale-module-1\/#primaryimage"},"thumbnailUrl":"https:\/\/hridaya-yoga.com\/wp-content\/uploads\/2025\/07\/06.liability-release.webp","datePublished":"2025-07-30T03:43:45+00:00","dateModified":"2025-12-09T20:37:00+00:00","inLanguage":"fr-FR","potentialAction":[{"@type":"ReadAction","target":["https:\/\/hridaya-yoga.com\/fr\/lignes-directrices\/decharge-responsabilite-matiere-sante-mentale-module-1\/"]}]},{"@type":"ImageObject","inLanguage":"fr-FR","@id":"https:\/\/hridaya-yoga.com\/fr\/lignes-directrices\/decharge-responsabilite-matiere-sante-mentale-module-1\/#primaryimage","url":"https:\/\/hridaya-yoga.com\/wp-content\/uploads\/2025\/07\/06.liability-release.webp","contentUrl":"https:\/\/hridaya-yoga.com\/wp-content\/uploads\/2025\/07\/06.liability-release.webp","width":1920,"height":1280},{"@type":"WebSite","@id":"https:\/\/hridaya-yoga.com\/fr\/#website","url":"https:\/\/hridaya-yoga.com\/fr\/","name":"Hridaya Yoga","description":"","publisher":{"@id":"https:\/\/hridaya-yoga.com\/fr\/#organization"},"potentialAction":[{"@type":"SearchAction","target":{"@type":"EntryPoint","urlTemplate":"https:\/\/hridaya-yoga.com\/fr\/?s={search_term_string}"},"query-input":{"@type":"PropertyValueSpecification","valueRequired":true,"valueName":"search_term_string"}}],"inLanguage":"fr-FR"},{"@type":"Organization","@id":"https:\/\/hridaya-yoga.com\/fr\/#organization","name":"Hridaya Yoga","url":"https:\/\/hridaya-yoga.com\/fr\/","logo":{"@type":"ImageObject","inLanguage":"fr-FR","@id":"https:\/\/hridaya-yoga.com\/fr\/#\/schema\/logo\/image\/","url":"https:\/\/hridaya-yoga.com\/wp-content\/uploads\/2024\/10\/logo-hridaya@2.png","contentUrl":"https:\/\/hridaya-yoga.com\/wp-content\/uploads\/2024\/10\/logo-hridaya@2.png","width":430,"height":119,"caption":"Hridaya Yoga"},"image":{"@id":"https:\/\/hridaya-yoga.com\/fr\/#\/schema\/logo\/image\/"}}]}},"_links":{"self":[{"href":"https:\/\/hridaya-yoga.com\/fr\/wp-json\/wp\/v2\/pages\/117456","targetHints":{"allow":["GET"]}}],"collection":[{"href":"https:\/\/hridaya-yoga.com\/fr\/wp-json\/wp\/v2\/pages"}],"about":[{"href":"https:\/\/hridaya-yoga.com\/fr\/wp-json\/wp\/v2\/types\/page"}],"author":[{"embeddable":true,"href":"https:\/\/hridaya-yoga.com\/fr\/wp-json\/wp\/v2\/users\/1"}],"replies":[{"embeddable":true,"href":"https:\/\/hridaya-yoga.com\/fr\/wp-json\/wp\/v2\/comments?post=117456"}],"version-history":[{"count":1,"href":"https:\/\/hridaya-yoga.com\/fr\/wp-json\/wp\/v2\/pages\/117456\/revisions"}],"predecessor-version":[{"id":133078,"href":"https:\/\/hridaya-yoga.com\/fr\/wp-json\/wp\/v2\/pages\/117456\/revisions\/133078"}],"wp:featuredmedia":[{"embeddable":true,"href":"https:\/\/hridaya-yoga.com\/fr\/wp-json\/wp\/v2\/media\/112607"}],"wp:attachment":[{"href":"https:\/\/hridaya-yoga.com\/fr\/wp-json\/wp\/v2\/media?parent=117456"}],"wp:term":[{"taxonomy":"category","embeddable":true,"href":"https:\/\/hridaya-yoga.com\/fr\/wp-json\/wp\/v2\/categories?post=117456"}],"curies":[{"name":"wp","href":"https:\/\/api.w.org\/{rel}","templated":true}]}}