{"id":117423,"date":"2025-07-29T21:26:36","date_gmt":"2025-07-30T03:26:36","guid":{"rendered":"https:\/\/hridaya-yoga.com\/guidelines\/mental-health-disclaimer-retreats\/"},"modified":"2025-12-09T14:37:00","modified_gmt":"2025-12-09T20:37:00","slug":"decharge-responsabilite-matiere-sante-mentale-retraite","status":"publish","type":"page","link":"https:\/\/hridaya-yoga.com\/fr\/lignes-directrices\/decharge-responsabilite-matiere-sante-mentale-retraite\/","title":{"rendered":"D\u00e9charge de responsabilit\u00e9 en mati\u00e8re de sant\u00e9 mentale \u2014 Retraite"},"content":{"rendered":"\t\t<div data-elementor-type=\"wp-page\" data-elementor-id=\"117423\" class=\"elementor elementor-117423 elementor-112605\" data-elementor-post-type=\"page\">\n\t\t\t\t<section class=\"elementor-element elementor-element-1183f3e e-flex e-con-boxed e-con e-parent\" data-id=\"1183f3e\" data-element_type=\"container\" data-settings=\"{&quot;jet_parallax_layout_list&quot;:[]}\">\n\t\t\t\t\t<div class=\"e-con-inner\">\n\t\t<div class=\"elementor-element elementor-element-2b2c3a4c e-con-full e-flex e-con e-child\" data-id=\"2b2c3a4c\" data-element_type=\"container\" data-settings=\"{&quot;background_background&quot;:&quot;classic&quot;,&quot;jet_parallax_layout_list&quot;:[]}\">\n\t\t<div class=\"elementor-element elementor-element-5e960cc2 e-con-full e-flex e-con e-child\" data-id=\"5e960cc2\" data-element_type=\"container\" data-settings=\"{&quot;jet_parallax_layout_list&quot;:[],&quot;background_background&quot;:&quot;classic&quot;}\">\n\t\t\t\t<div class=\"elementor-element elementor-element-7bf506e elementor-widget elementor-widget-heading\" data-id=\"7bf506e\" data-element_type=\"widget\" data-widget_type=\"heading.default\">\n\t\t\t\t\t<h1 class=\"elementor-heading-title elementor-size-default\">D\u00e9charge de responsabilit\u00e9 en mati\u00e8re de sant\u00e9 mentale \u2014 Retraite<\/h1>\t\t\t\t<\/div>\n\t\t\t\t<\/div>\n\t\t\t\t<\/div>\n\t\t\t\t\t<\/div>\n\t\t\t\t<\/section>\n\t\t<div class=\"elementor-element elementor-element-6e62a683 e-flex e-con-boxed e-con e-parent\" data-id=\"6e62a683\" data-element_type=\"container\" data-settings=\"{&quot;jet_parallax_layout_list&quot;:[]}\">\n\t\t\t\t\t<div class=\"e-con-inner\">\n\t\t<div class=\"elementor-element elementor-element-ccabd2b e-con-full e-flex e-con e-child\" data-id=\"ccabd2b\" data-element_type=\"container\" data-settings=\"{&quot;jet_parallax_layout_list&quot;:[]}\">\n\t\t<div class=\"elementor-element elementor-element-ecd5c21 e-con-full e-flex e-con e-child\" data-id=\"ecd5c21\" data-element_type=\"container\" data-settings=\"{&quot;jet_parallax_layout_list&quot;:[]}\">\n\t\t<div class=\"elementor-element elementor-element-6d59e4dd e-con-full e-flex e-con e-child\" data-id=\"6d59e4dd\" data-element_type=\"container\" data-settings=\"{&quot;jet_parallax_layout_list&quot;:[]}\">\n\t\t\t\t<\/div>\n\t\t<div class=\"elementor-element elementor-element-36424f60 e-con-full e-flex e-con e-child\" data-id=\"36424f60\" data-element_type=\"container\" data-settings=\"{&quot;jet_parallax_layout_list&quot;:[]}\">\n\t\t\t\t<div class=\"elementor-element elementor-element-37b9bce elementor-widget elementor-widget-text-editor\" data-id=\"37b9bce\" data-element_type=\"widget\" data-widget_type=\"text-editor.default\">\n\t\t\t\t\t\t\t\t\t<p>Les retraites Hridaya de m\u00e9ditation en silence s&rsquo;adressent principalement aux aspirants spirituels en qu\u00eate de paix, d&rsquo;amour, d&rsquo;ouverture du C\u0153ur et de connaissance du Soi. Elles se d\u00e9roulent dans un environnement bienveillant, conjugu\u00e9 \u00e0 une pratique rigoureuse ax\u00e9e sur la recherche du Soi. Pour profiter pleinement de notre retraite, il est recommand\u00e9 d&rsquo;\u00eatre dans un \u00e9tat \u00e9motionnel et psychologique stable. Les retraites sont sp\u00e9cialement con\u00e7ues pour ceux qui veulent apprendre \u00e0 m\u00e9diter, se conna\u00eetre \u00e0 un niveau plus profond, ou approfondir leur pratique de la m\u00e9ditation et leur conscience du Soi. Dans la tradition du Yoga, il est recommand\u00e9 d&rsquo;adopter une attitude spirituelle qui permette d&rsquo;observer et de se d\u00e9tacher de tous les ph\u00e9nom\u00e8nes du mental. Ces retraites ne sont aucunement destin\u00e9es \u00e0 diagnostiquer, \u00e0 faire face ou \u00e0 soigner des probl\u00e8mes de sant\u00e9 mentale.<\/p>\t\t\t\t\t\t\t\t<\/div>\n\t\t\t\t<\/div>\n\t\t\t\t<\/div>\n\t\t\t\t<\/div>\n\t\t<div class=\"elementor-element elementor-element-12d09636 e-con-full e-flex e-con e-child\" data-id=\"12d09636\" data-element_type=\"container\" data-settings=\"{&quot;jet_parallax_layout_list&quot;:[]}\">\n\t\t<div class=\"elementor-element elementor-element-1e5a5e80 e-con-full e-flex e-con e-child\" data-id=\"1e5a5e80\" data-element_type=\"container\" data-settings=\"{&quot;jet_parallax_layout_list&quot;:[]}\">\n\t\t<div class=\"elementor-element elementor-element-1b652b34 e-con-full e-flex e-con e-child\" data-id=\"1b652b34\" data-element_type=\"container\" data-settings=\"{&quot;jet_parallax_layout_list&quot;:[]}\">\n\t\t\t\t<div class=\"elementor-element elementor-element-2f8cea85 elementor-widget elementor-widget-heading\" data-id=\"2f8cea85\" data-element_type=\"widget\" data-widget_type=\"heading.default\">\n\t\t\t\t\t<h5 class=\"elementor-heading-title elementor-size-default\">Sensibilisation aux questions de sant\u00e9 mentale<\/h5>\t\t\t\t<\/div>\n\t\t\t\t<\/div>\n\t\t<div class=\"elementor-element elementor-element-1ceac6a2 e-con-full e-flex e-con e-child\" data-id=\"1ceac6a2\" data-element_type=\"container\" data-settings=\"{&quot;jet_parallax_layout_list&quot;:[]}\">\n\t\t\t\t<div class=\"elementor-element elementor-element-1187b754 elementor-widget elementor-widget-text-editor\" data-id=\"1187b754\" data-element_type=\"widget\" data-widget_type=\"text-editor.default\">\n\t\t\t\t\t\t\t\t\t<p>Si vous souffrez ou avez souffert de troubles psychologiques graves, nous vous encourageons \u00e0 \u00e9valuer avec sinc\u00e9rit\u00e9 l&rsquo;\u00e9tat de votre sant\u00e9 mentale et \u00e9motionnelle avant de vous inscrire \u00e0 l&rsquo;une de nos retraites. Ces programmes sont intenses et introspectifs, et peuvent, selon les circonstances, ne pas convenir \u00e0 tout le monde.<\/p><p>Les enseignants et les coordinateurs des retraites Hridaya sont form\u00e9s pour guider les participants dans leur m\u00e9ditation et leur pratique spirituelle. Toutefois, n&rsquo;\u00e9tant pas des professionnels de la sant\u00e9 mentale, ils ne peuvent offrir une assistance individuelle relevant du domaine de la psychoth\u00e9rapie ou de la psychiatrie. Notre personnel n&rsquo;est pas habilit\u00e9 \u00e0 fournir un service psychologique d&rsquo;urgence ou un soutien en cas de pathologies aigu\u00ebs.<\/p><p>Les retraites Hridaya n&rsquo;ont pas vocation \u00e0 se substituer \u00e0 un suivi professionnel en mati\u00e8re de sant\u00e9 mentale. Hridaya et ses enseignants ne peuvent \u00eatre tenus responsables de tout effet ind\u00e9sirable survenant pendant ou apr\u00e8s la participation \u00e0 l&rsquo;une de nos retraites, y compris en cas de d\u00e9t\u00e9rioration d&rsquo;un trouble pr\u00e9existant.<\/p><p>Si vous souffrez de troubles mentaux graves, nous vous recommandons de solliciter un soutien professionnel et de reporter votre participation \u00e0 nos retraites jusqu&rsquo;\u00e0 ce que vous vous sentiez plus stable et que vous soyez accompagn\u00e9 dans votre d\u00e9marche de soins.<\/p><p>Si vous avez des doutes sur votre capacit\u00e9 \u00e0 participer \u00e0 une retraite Hridaya de m\u00e9ditation en silence en raison de troubles pass\u00e9s ou pr\u00e9sents, nous vous encourageons vivement \u00e0 contacter nos centres en <span style=\"text-decoration: underline;\"><a href=\"mailto:info@hridaya-yoga.fr\">France<\/a><\/span> ou au <span style=\"text-decoration: underline;\"><a href=\"mailto:info@hridaya-yoga.mx\">Mexique<\/a><\/span> avant de vous inscrire. Nous pourrons vous aider \u00e0 d\u00e9terminer si c&rsquo;est le bon moment pour vous de participer \u00e0 une retraite ou s&rsquo;il est pr\u00e9f\u00e9rable de retarder votre venue.<\/p>\t\t\t\t\t\t\t\t<\/div>\n\t\t\t\t<\/div>\n\t\t\t\t<\/div>\n\t\t\t\t<\/div>\n\t\t<div class=\"elementor-element elementor-element-6bf5ce4a e-con-full e-flex e-con e-child\" data-id=\"6bf5ce4a\" data-element_type=\"container\" data-settings=\"{&quot;jet_parallax_layout_list&quot;:[]}\">\n\t\t<div class=\"elementor-element elementor-element-603169e3 e-con-full e-flex e-con e-child\" data-id=\"603169e3\" data-element_type=\"container\" data-settings=\"{&quot;jet_parallax_layout_list&quot;:[]}\">\n\t\t<div class=\"elementor-element elementor-element-2bc0e2cd e-con-full e-flex e-con e-child\" data-id=\"2bc0e2cd\" data-element_type=\"container\" data-settings=\"{&quot;jet_parallax_layout_list&quot;:[]}\">\n\t\t\t\t<div class=\"elementor-element elementor-element-516b1246 elementor-widget elementor-widget-heading\" data-id=\"516b1246\" data-element_type=\"widget\" data-widget_type=\"heading.default\">\n\t\t\t\t\t<h5 class=\"elementor-heading-title elementor-size-default\">D\u00e9claration sur l\u2019honneur<\/h5>\t\t\t\t<\/div>\n\t\t\t\t<\/div>\n\t\t<div class=\"elementor-element elementor-element-7dd04cd5 e-con-full e-flex e-con e-child\" data-id=\"7dd04cd5\" data-element_type=\"container\" data-settings=\"{&quot;jet_parallax_layout_list&quot;:[]}\">\n\t\t\t\t<div class=\"elementor-element elementor-element-651a5695 elementor-widget elementor-widget-text-editor\" data-id=\"651a5695\" data-element_type=\"widget\" data-widget_type=\"text-editor.default\">\n\t\t\t\t\t\t\t\t\t<p>En m&rsquo;inscrivant \u00e0 la retraite Hridaya de m\u00e9ditation en silence, j&rsquo;atteste avoir lu et compris les informations mentionn\u00e9es ci-dessus. Je suis conscient\u00b7e que les retraites ne remplacent pas une prise en charge professionnelle en mati\u00e8re de sant\u00e9 mentale et que ce programme s&rsquo;adresse \u00e0 des personnes dont l&rsquo;\u00e9tat \u00e9motionnel et psychologique est stable. Je comprends que ce programme ne peut remplacer une th\u00e9rapie. Je confirme que je ne souffre pas de troubles mentaux graves ou de probl\u00e8mes \u00e9motionnels susceptibles d&rsquo;\u00eatre exacerb\u00e9s ou affect\u00e9s n\u00e9gativement par un tel environnement transformateur. Je comprends que je suis responsable de mon bien-\u00eatre et de mes besoins personnels pendant la retraite. Je certifie que je contacterai l&rsquo;\u00e9quipe Hridaya, en <a href=\"mailto:info@hridaya-yoga.fr\"><span style=\"text-decoration: underline;\"><strong>France<\/strong><\/span><\/a> ou au <span style=\"text-decoration: underline;\"><a href=\"mailto:info@hridaya-yoga.mx\">Mexique<\/a><\/span>, si j&rsquo;ai des interrogations ou si j&rsquo;ai besoin d&rsquo;\u00e9claircissements concernant ma participation \u00e0 la retraite.<\/p>\t\t\t\t\t\t\t\t<\/div>\n\t\t\t\t<\/div>\n\t\t\t\t<\/div>\n\t\t\t\t<\/div>\n\t\t\t\t\t<\/div>\n\t\t\t\t<\/div>\n\t\t\t\t<\/div>\n\t\t","protected":false},"excerpt":{"rendered":"<p>Les retraites Hridaya de m\u00e9ditation en silence s&rsquo;adressent principalement aux aspirants spirituels en qu\u00eate de paix, d&rsquo;amour, d&rsquo;ouverture du C\u0153ur et de connaissance du Soi. Elles se d\u00e9roulent dans un environnement bienveillant, conjugu\u00e9 \u00e0 une pratique rigoureuse ax\u00e9e sur la recherche du Soi. Pour profiter pleinement de notre retraite, il est recommand\u00e9 d&rsquo;\u00eatre dans un [&hellip;]<\/p>\n","protected":false},"author":1,"featured_media":112607,"parent":0,"menu_order":0,"comment_status":"closed","ping_status":"closed","template":"","meta":{"inline_featured_image":false,"footnotes":""},"categories":[],"class_list":["post-117423","page","type-page","status-publish","has-post-thumbnail","hentry"],"yoast_head":"<!-- This site is optimized with the Yoast SEO plugin v26.6 - https:\/\/yoast.com\/wordpress\/plugins\/seo\/ -->\n<title>D\u00e9charge de responsabilit\u00e9 en mati\u00e8re de sant\u00e9 mentale \u2014 Retraite<\/title>\n<meta name=\"robots\" content=\"index, follow, max-snippet:-1, max-image-preview:large, max-video-preview:-1\" \/>\n<link rel=\"canonical\" href=\"https:\/\/hridaya-yoga.com\/fr\/lignes-directrices\/decharge-responsabilite-matiere-sante-mentale-retraite\/\" \/>\n<meta property=\"og:locale\" content=\"fr_FR\" \/>\n<meta property=\"og:type\" content=\"article\" \/>\n<meta property=\"og:title\" content=\"D\u00e9charge de responsabilit\u00e9 en mati\u00e8re de sant\u00e9 mentale \u2014 Retraite\" \/>\n<meta property=\"og:description\" content=\"Les retraites Hridaya de m\u00e9ditation en silence s&rsquo;adressent principalement aux aspirants spirituels en qu\u00eate de paix, d&rsquo;amour, d&rsquo;ouverture du C\u0153ur et de connaissance du Soi. Elles se d\u00e9roulent dans un environnement bienveillant, conjugu\u00e9 \u00e0 une pratique rigoureuse ax\u00e9e sur la recherche du Soi. Pour profiter pleinement de notre retraite, il est recommand\u00e9 d&rsquo;\u00eatre dans un [&hellip;]\" \/>\n<meta property=\"og:url\" content=\"https:\/\/hridaya-yoga.com\/fr\/lignes-directrices\/decharge-responsabilite-matiere-sante-mentale-retraite\/\" \/>\n<meta property=\"og:site_name\" content=\"Hridaya\" \/>\n<meta property=\"article:modified_time\" content=\"2025-12-09T20:37:00+00:00\" \/>\n<meta property=\"og:image\" content=\"https:\/\/hridaya-yoga.com\/wp-content\/uploads\/2025\/07\/06.liability-release.webp\" \/>\n\t<meta property=\"og:image:width\" content=\"1920\" \/>\n\t<meta property=\"og:image:height\" content=\"1280\" \/>\n\t<meta property=\"og:image:type\" content=\"image\/webp\" \/>\n<meta name=\"twitter:card\" content=\"summary_large_image\" \/>\n<meta name=\"twitter:label1\" content=\"Dur\u00e9e de lecture estim\u00e9e\" \/>\n\t<meta name=\"twitter:data1\" content=\"3 minutes\" \/>\n<script type=\"application\/ld+json\" class=\"yoast-schema-graph\">{\"@context\":\"https:\/\/schema.org\",\"@graph\":[{\"@type\":\"WebPage\",\"@id\":\"https:\/\/hridaya-yoga.com\/fr\/lignes-directrices\/decharge-responsabilite-matiere-sante-mentale-retraite\/\",\"url\":\"https:\/\/hridaya-yoga.com\/fr\/lignes-directrices\/decharge-responsabilite-matiere-sante-mentale-retraite\/\",\"name\":\"D\u00e9charge de responsabilit\u00e9 en mati\u00e8re de sant\u00e9 mentale \u2014 Retraite\",\"isPartOf\":{\"@id\":\"https:\/\/hridaya-yoga.com\/fr\/#website\"},\"primaryImageOfPage\":{\"@id\":\"https:\/\/hridaya-yoga.com\/fr\/lignes-directrices\/decharge-responsabilite-matiere-sante-mentale-retraite\/#primaryimage\"},\"image\":{\"@id\":\"https:\/\/hridaya-yoga.com\/fr\/lignes-directrices\/decharge-responsabilite-matiere-sante-mentale-retraite\/#primaryimage\"},\"thumbnailUrl\":\"https:\/\/hridaya-yoga.com\/wp-content\/uploads\/2025\/07\/06.liability-release.webp\",\"datePublished\":\"2025-07-30T03:26:36+00:00\",\"dateModified\":\"2025-12-09T20:37:00+00:00\",\"inLanguage\":\"fr-FR\",\"potentialAction\":[{\"@type\":\"ReadAction\",\"target\":[\"https:\/\/hridaya-yoga.com\/fr\/lignes-directrices\/decharge-responsabilite-matiere-sante-mentale-retraite\/\"]}]},{\"@type\":\"ImageObject\",\"inLanguage\":\"fr-FR\",\"@id\":\"https:\/\/hridaya-yoga.com\/fr\/lignes-directrices\/decharge-responsabilite-matiere-sante-mentale-retraite\/#primaryimage\",\"url\":\"https:\/\/hridaya-yoga.com\/wp-content\/uploads\/2025\/07\/06.liability-release.webp\",\"contentUrl\":\"https:\/\/hridaya-yoga.com\/wp-content\/uploads\/2025\/07\/06.liability-release.webp\",\"width\":1920,\"height\":1280},{\"@type\":\"WebSite\",\"@id\":\"https:\/\/hridaya-yoga.com\/fr\/#website\",\"url\":\"https:\/\/hridaya-yoga.com\/fr\/\",\"name\":\"Hridaya Yoga\",\"description\":\"\",\"publisher\":{\"@id\":\"https:\/\/hridaya-yoga.com\/fr\/#organization\"},\"potentialAction\":[{\"@type\":\"SearchAction\",\"target\":{\"@type\":\"EntryPoint\",\"urlTemplate\":\"https:\/\/hridaya-yoga.com\/fr\/?s={search_term_string}\"},\"query-input\":{\"@type\":\"PropertyValueSpecification\",\"valueRequired\":true,\"valueName\":\"search_term_string\"}}],\"inLanguage\":\"fr-FR\"},{\"@type\":\"Organization\",\"@id\":\"https:\/\/hridaya-yoga.com\/fr\/#organization\",\"name\":\"Hridaya Yoga\",\"url\":\"https:\/\/hridaya-yoga.com\/fr\/\",\"logo\":{\"@type\":\"ImageObject\",\"inLanguage\":\"fr-FR\",\"@id\":\"https:\/\/hridaya-yoga.com\/fr\/#\/schema\/logo\/image\/\",\"url\":\"https:\/\/hridaya-yoga.com\/wp-content\/uploads\/2024\/10\/logo-hridaya@2.png\",\"contentUrl\":\"https:\/\/hridaya-yoga.com\/wp-content\/uploads\/2024\/10\/logo-hridaya@2.png\",\"width\":430,\"height\":119,\"caption\":\"Hridaya Yoga\"},\"image\":{\"@id\":\"https:\/\/hridaya-yoga.com\/fr\/#\/schema\/logo\/image\/\"}}]}<\/script>\n<!-- \/ Yoast SEO plugin. -->","yoast_head_json":{"title":"D\u00e9charge de responsabilit\u00e9 en mati\u00e8re de sant\u00e9 mentale \u2014 Retraite","robots":{"index":"index","follow":"follow","max-snippet":"max-snippet:-1","max-image-preview":"max-image-preview:large","max-video-preview":"max-video-preview:-1"},"canonical":"https:\/\/hridaya-yoga.com\/fr\/lignes-directrices\/decharge-responsabilite-matiere-sante-mentale-retraite\/","og_locale":"fr_FR","og_type":"article","og_title":"D\u00e9charge de responsabilit\u00e9 en mati\u00e8re de sant\u00e9 mentale \u2014 Retraite","og_description":"Les retraites Hridaya de m\u00e9ditation en silence s&rsquo;adressent principalement aux aspirants spirituels en qu\u00eate de paix, d&rsquo;amour, d&rsquo;ouverture du C\u0153ur et de connaissance du Soi. Elles se d\u00e9roulent dans un environnement bienveillant, conjugu\u00e9 \u00e0 une pratique rigoureuse ax\u00e9e sur la recherche du Soi. Pour profiter pleinement de notre retraite, il est recommand\u00e9 d&rsquo;\u00eatre dans un [&hellip;]","og_url":"https:\/\/hridaya-yoga.com\/fr\/lignes-directrices\/decharge-responsabilite-matiere-sante-mentale-retraite\/","og_site_name":"Hridaya","article_modified_time":"2025-12-09T20:37:00+00:00","og_image":[{"width":1920,"height":1280,"url":"https:\/\/hridaya-yoga.com\/wp-content\/uploads\/2025\/07\/06.liability-release.webp","type":"image\/webp"}],"twitter_card":"summary_large_image","twitter_misc":{"Dur\u00e9e de lecture estim\u00e9e":"3 minutes"},"schema":{"@context":"https:\/\/schema.org","@graph":[{"@type":"WebPage","@id":"https:\/\/hridaya-yoga.com\/fr\/lignes-directrices\/decharge-responsabilite-matiere-sante-mentale-retraite\/","url":"https:\/\/hridaya-yoga.com\/fr\/lignes-directrices\/decharge-responsabilite-matiere-sante-mentale-retraite\/","name":"D\u00e9charge de responsabilit\u00e9 en mati\u00e8re de sant\u00e9 mentale \u2014 Retraite","isPartOf":{"@id":"https:\/\/hridaya-yoga.com\/fr\/#website"},"primaryImageOfPage":{"@id":"https:\/\/hridaya-yoga.com\/fr\/lignes-directrices\/decharge-responsabilite-matiere-sante-mentale-retraite\/#primaryimage"},"image":{"@id":"https:\/\/hridaya-yoga.com\/fr\/lignes-directrices\/decharge-responsabilite-matiere-sante-mentale-retraite\/#primaryimage"},"thumbnailUrl":"https:\/\/hridaya-yoga.com\/wp-content\/uploads\/2025\/07\/06.liability-release.webp","datePublished":"2025-07-30T03:26:36+00:00","dateModified":"2025-12-09T20:37:00+00:00","inLanguage":"fr-FR","potentialAction":[{"@type":"ReadAction","target":["https:\/\/hridaya-yoga.com\/fr\/lignes-directrices\/decharge-responsabilite-matiere-sante-mentale-retraite\/"]}]},{"@type":"ImageObject","inLanguage":"fr-FR","@id":"https:\/\/hridaya-yoga.com\/fr\/lignes-directrices\/decharge-responsabilite-matiere-sante-mentale-retraite\/#primaryimage","url":"https:\/\/hridaya-yoga.com\/wp-content\/uploads\/2025\/07\/06.liability-release.webp","contentUrl":"https:\/\/hridaya-yoga.com\/wp-content\/uploads\/2025\/07\/06.liability-release.webp","width":1920,"height":1280},{"@type":"WebSite","@id":"https:\/\/hridaya-yoga.com\/fr\/#website","url":"https:\/\/hridaya-yoga.com\/fr\/","name":"Hridaya Yoga","description":"","publisher":{"@id":"https:\/\/hridaya-yoga.com\/fr\/#organization"},"potentialAction":[{"@type":"SearchAction","target":{"@type":"EntryPoint","urlTemplate":"https:\/\/hridaya-yoga.com\/fr\/?s={search_term_string}"},"query-input":{"@type":"PropertyValueSpecification","valueRequired":true,"valueName":"search_term_string"}}],"inLanguage":"fr-FR"},{"@type":"Organization","@id":"https:\/\/hridaya-yoga.com\/fr\/#organization","name":"Hridaya Yoga","url":"https:\/\/hridaya-yoga.com\/fr\/","logo":{"@type":"ImageObject","inLanguage":"fr-FR","@id":"https:\/\/hridaya-yoga.com\/fr\/#\/schema\/logo\/image\/","url":"https:\/\/hridaya-yoga.com\/wp-content\/uploads\/2024\/10\/logo-hridaya@2.png","contentUrl":"https:\/\/hridaya-yoga.com\/wp-content\/uploads\/2024\/10\/logo-hridaya@2.png","width":430,"height":119,"caption":"Hridaya Yoga"},"image":{"@id":"https:\/\/hridaya-yoga.com\/fr\/#\/schema\/logo\/image\/"}}]}},"_links":{"self":[{"href":"https:\/\/hridaya-yoga.com\/fr\/wp-json\/wp\/v2\/pages\/117423","targetHints":{"allow":["GET"]}}],"collection":[{"href":"https:\/\/hridaya-yoga.com\/fr\/wp-json\/wp\/v2\/pages"}],"about":[{"href":"https:\/\/hridaya-yoga.com\/fr\/wp-json\/wp\/v2\/types\/page"}],"author":[{"embeddable":true,"href":"https:\/\/hridaya-yoga.com\/fr\/wp-json\/wp\/v2\/users\/1"}],"replies":[{"embeddable":true,"href":"https:\/\/hridaya-yoga.com\/fr\/wp-json\/wp\/v2\/comments?post=117423"}],"version-history":[{"count":1,"href":"https:\/\/hridaya-yoga.com\/fr\/wp-json\/wp\/v2\/pages\/117423\/revisions"}],"predecessor-version":[{"id":133077,"href":"https:\/\/hridaya-yoga.com\/fr\/wp-json\/wp\/v2\/pages\/117423\/revisions\/133077"}],"wp:featuredmedia":[{"embeddable":true,"href":"https:\/\/hridaya-yoga.com\/fr\/wp-json\/wp\/v2\/media\/112607"}],"wp:attachment":[{"href":"https:\/\/hridaya-yoga.com\/fr\/wp-json\/wp\/v2\/media?parent=117423"}],"wp:term":[{"taxonomy":"category","embeddable":true,"href":"https:\/\/hridaya-yoga.com\/fr\/wp-json\/wp\/v2\/categories?post=117423"}],"curies":[{"name":"wp","href":"https:\/\/api.w.org\/{rel}","templated":true}]}}