{"id":118809,"date":"2025-07-29T21:26:36","date_gmt":"2025-07-30T03:26:36","guid":{"rendered":"https:\/\/hridaya-yoga.com\/guidelines\/participation-agreement-liability-release\/"},"modified":"2025-12-09T14:35:58","modified_gmt":"2025-12-09T20:35:58","slug":"condiciones-participacion-clausula-exencion-responsabilidad","status":"publish","type":"page","link":"https:\/\/hridaya-yoga.com\/es\/lineamientos\/condiciones-participacion-clausula-exencion-responsabilidad\/","title":{"rendered":"Condiciones de participaci\u00f3n y exenci\u00f3n de responsabilidad"},"content":{"rendered":"\t\t<div data-elementor-type=\"wp-page\" data-elementor-id=\"118809\" class=\"elementor elementor-118809 elementor-118778\" data-elementor-post-type=\"page\">\n\t\t\t\t<section class=\"elementor-element elementor-element-1183f3e e-flex e-con-boxed e-con e-parent\" data-id=\"1183f3e\" data-element_type=\"container\" data-settings=\"{&quot;jet_parallax_layout_list&quot;:[]}\">\n\t\t\t\t\t<div class=\"e-con-inner\">\n\t\t<div class=\"elementor-element elementor-element-2b2c3a4c e-con-full e-flex e-con e-child\" data-id=\"2b2c3a4c\" data-element_type=\"container\" data-settings=\"{&quot;background_background&quot;:&quot;classic&quot;,&quot;jet_parallax_layout_list&quot;:[]}\">\n\t\t<div class=\"elementor-element elementor-element-5e960cc2 e-con-full e-flex e-con e-child\" data-id=\"5e960cc2\" data-element_type=\"container\" data-settings=\"{&quot;jet_parallax_layout_list&quot;:[],&quot;background_background&quot;:&quot;classic&quot;}\">\n\t\t\t\t<div class=\"elementor-element elementor-element-7bf506e elementor-widget elementor-widget-heading\" data-id=\"7bf506e\" data-element_type=\"widget\" data-widget_type=\"heading.default\">\n\t\t\t\t\t<h1 class=\"elementor-heading-title elementor-size-default\">Condiciones de participaci\u00f3n y exenci\u00f3n de responsabilidad<\/h1>\t\t\t\t<\/div>\n\t\t\t\t<\/div>\n\t\t\t\t<\/div>\n\t\t\t\t\t<\/div>\n\t\t\t\t<\/section>\n\t\t<div class=\"elementor-element elementor-element-6e62a683 e-flex e-con-boxed e-con e-parent\" data-id=\"6e62a683\" data-element_type=\"container\" data-settings=\"{&quot;jet_parallax_layout_list&quot;:[]}\">\n\t\t\t\t\t<div class=\"e-con-inner\">\n\t\t<div class=\"elementor-element elementor-element-ccabd2b e-con-full e-flex e-con e-child\" data-id=\"ccabd2b\" data-element_type=\"container\" data-settings=\"{&quot;jet_parallax_layout_list&quot;:[]}\">\n\t\t<div class=\"elementor-element elementor-element-ecd5c21 e-con-full e-flex e-con e-child\" data-id=\"ecd5c21\" data-element_type=\"container\" data-settings=\"{&quot;jet_parallax_layout_list&quot;:[]}\">\n\t\t\t\t<div class=\"elementor-element elementor-element-1fea247 elementor-widget elementor-widget-heading\" data-id=\"1fea247\" data-element_type=\"widget\" data-widget_type=\"heading.default\">\n\t\t\t\t\t<h5 class=\"elementor-heading-title elementor-size-default\">Condiciones de participaci\u00f3n\n\n<\/h5>\t\t\t\t<\/div>\n\t\t<div class=\"elementor-element elementor-element-36424f60 e-con-full e-flex e-con e-child\" data-id=\"36424f60\" data-element_type=\"container\" data-settings=\"{&quot;jet_parallax_layout_list&quot;:[]}\">\n\t\t\t\t<div class=\"elementor-element elementor-element-37b9bce elementor-widget elementor-widget-text-editor\" data-id=\"37b9bce\" data-element_type=\"widget\" data-widget_type=\"text-editor.default\">\n\t\t\t\t\t\t\t\t\t<h5>Al inscribirme en un curso en Hridaya Yoga, expreso mi acuerdo con lo siguiente:<\/h5><ol><li aria-level=\"1\">Entiendo que la pr\u00e1ctica de Yoga puede implicar actividad f\u00edsica bastante intensa: largas sesiones de <i>Hatha Yoga<\/i> y largas meditaciones en posici\u00f3n sentada. Asimismo, entiendo que los retiros, talleres o cursos intensivos pueden originar purificaciones en distintos niveles: f\u00edsico, emocional o mental, que aunque pudieran llegar a ser no placenteras, no son peligrosas.<\/li><li aria-level=\"1\">Participo de manera voluntaria en este programa con plena conciencia de los riesgos asociados a estas actividades y los acepto impl\u00edcitamente al participar en el curso. Tambi\u00e9n soy consciente de que las actividades ya mencionadas pueden ser m\u00e1s exigentes que mis actividades rutinarias, tanto en lo f\u00edsico como en lo psicol\u00f3gico. Asumo la responsabilidad de participar en ellas.<\/li><li aria-level=\"1\">Como condici\u00f3n para mi inscripci\u00f3n, por medio de la presente asumo personalmente todos los riesgos relacionados con dicho curso, por cualquier enfermedad, lesi\u00f3n o da\u00f1o que pueda ocurrirme durante mi participaci\u00f3n en el centro Hridaya Yoga, incluidos todos los riesgos relacionados con el mismo, ya sean previstos o imprevistos.<\/li><li aria-level=\"1\">Voluntariamente libero a Hridaya Yoga y asociados (incluidos los trabajadores, voluntarios, instructores y agentes de Hridaya Yoga y sus instalaciones) de cualquier demanda o litigio de mi parte, de mi familia o herederos, que pudiera surgir a partir de mi inscripci\u00f3n y participaci\u00f3n en este curso.<\/li><\/ol>\t\t\t\t\t\t\t\t<\/div>\n\t\t\t\t<\/div>\n\t\t\t\t<\/div>\n\t\t\t\t<\/div>\n\t\t<div class=\"elementor-element elementor-element-12d09636 e-con-full e-flex e-con e-child\" data-id=\"12d09636\" data-element_type=\"container\" data-settings=\"{&quot;jet_parallax_layout_list&quot;:[]}\">\n\t\t<div class=\"elementor-element elementor-element-1e5a5e80 e-con-full e-flex e-con e-child\" data-id=\"1e5a5e80\" data-element_type=\"container\" data-settings=\"{&quot;jet_parallax_layout_list&quot;:[]}\">\n\t\t<div class=\"elementor-element elementor-element-1b652b34 e-con-full e-flex e-con e-child\" data-id=\"1b652b34\" data-element_type=\"container\" data-settings=\"{&quot;jet_parallax_layout_list&quot;:[]}\">\n\t\t\t\t<div class=\"elementor-element elementor-element-2f8cea85 elementor-widget elementor-widget-heading\" data-id=\"2f8cea85\" data-element_type=\"widget\" data-widget_type=\"heading.default\">\n\t\t\t\t\t<h5 class=\"elementor-heading-title elementor-size-default\">Consejos de seguridad<\/h5>\t\t\t\t<\/div>\n\t\t\t\t<\/div>\n\t\t<div class=\"elementor-element elementor-element-1ceac6a2 e-con-full e-flex e-con e-child\" data-id=\"1ceac6a2\" data-element_type=\"container\" data-settings=\"{&quot;jet_parallax_layout_list&quot;:[]}\">\n\t\t\t\t<div class=\"elementor-element elementor-element-1187b754 elementor-widget elementor-widget-text-editor\" data-id=\"1187b754\" data-element_type=\"widget\" data-widget_type=\"text-editor.default\">\n\t\t\t\t\t\t\t\t\t<p>Pese a que Mazunte es un lugar hermoso y tranquilo, la vida en el Tr\u00f3pico puede ser diferente de lo que estamos acostumbrados. Para garantizar tu seguridad, nos gustar\u00eda que seas consciente de la siguiente informaci\u00f3n:<\/p><h6>En el mar<\/h6><p>Las olas en estas playas pueden ser bastante bravas. Es aconsejable actuar acorde al sentido com\u00fan.<\/p><p>Si te quedas atrapado en una corriente fuerte, no te asustes ni malgastes tus fuerzas tratando de nadar a contracorriente. Mantente a flote y permite que la corriente te lleve mar adentro. Una vez que la corriente se debilite, nada de forma paralela a la orilla y sal de la corriente cuando te sea posible. Si no puedes llegar a la orilla, haz llamadas de atenci\u00f3n: mueve los brazos y grita pidiendo ayuda.<\/p><h6>Seguridad personal<\/h6><p>En el Centro Hridaya Yoga hacemos todo lo posible para proporcionar un entorno seguro. Sin embargo, asimismo les pedimos a todos los estudiantes que sean bien conscientes de su seguridad personal. El \u00e1rea local es bastante segura. Los cr\u00edmenes violentos son extremadamente ocasionales, aunque s\u00ed pueden producirse peque\u00f1os robos o hurtos. Te recomendamos que evites caminar solo\/a por la noche. Si lo estimas necesario, te podemos ayudar a encontrar un amigo\/a con quien regresar a casa.<\/p><h6>Heridas leves<\/h6><p>En la cocina hay un botiqu\u00edn de primeros auxilios para heridas de menor \u00edndole y con medicamentos b\u00e1sicos.<\/p><h6>Seguridad alimenticia<\/h6><p>No bebas agua del grifo. Utiliza agua purificada para cepillarte los dientes. Cuando comas frutas y verduras aseg\u00farate de que han sido cocinadas o han estado en remojo con soluci\u00f3n antibacterial durante al menos 20 minutos. Desconf\u00eda de los productos l\u00e1cteos que puedan estar sin pasteurizar. Elige bien antes de comprar comida en la calle.<\/p><h6>Pertenencias materiales<\/h6><p>Todas las pertenencias personales que se dejan en el centro y en el alojamiento quedan bajo la completa responsabilidad de cada estudiante. A los residentes del Centro se les ofrece la posibilidad de guardar sus pertenencias m\u00e1s valiosas en la caja fuerte. Puedes guardar tus tarjetas de cr\u00e9dito, pasaporte y una cantidad moderada de dinero en efectivo. <strong>Pese a que se ofrece custodia de estas pertenencias valiosas, Hridaya Yoga no se hace responsable en caso de extrav\u00edo o robo. En general, es buena idea evitar viajar con grandes cantidades de dinero en efectivo o pertenencias valiosas.<\/strong><\/p><h6>Diarrea<\/h6><p>Para mantener la salud digestiva, te recomendamos que bebas t\u00e9 de neem o comas hojas de neem (disponibles gratis en nuestro Centro). El extracto de semilla de pomelo tambi\u00e9n goza de buena reputaci\u00f3n como agente natural antibacteriano; quiz\u00e1 quieras traerte un botecito de casa.<\/p><p>Si padeces de diarrea durante tu estancia en M\u00e9xico, aseg\u00farate de mantenerte constantemente hidratado. Si realizas entre 4 y 5 deposiciones blandas al d\u00eda, has de acudir a un centro de salud para testarte, dado que puedes necesitar tratamiento.<\/p><h6>Mosquitos<\/h6><p>En ocasiones, los mosquitos pueden resultar molestos. En Mazunte, es recomendable prevenir las picaduras utilizando medidas de sentido com\u00fan, entre ellas, el uso de repelente para insectos, as\u00ed como de mosquiteros. Esto es particularmente cierto durante la temporada de lluvias, cuando las probabilidades de contraer enfermedades de transmisi\u00f3n por mosquitos son m\u00e1s elevadas. En esta \u00e1rea se han documentado casos de chikungu\u00f1a, dengue, zika. Por favor, inf\u00f3rmate y cons\u00faltale a un m\u00e9dico profesional para garantizar una visita segura y saludable.<\/p><h6>Enfermedad de chaga<\/h6><p>La enfermedad de chaga es extremadamente rara. Sin embargo, si vives en un lugar con paredes de barro o techos de materiales antiguos, es posible que te encuentres chinches, que a veces pueden contagiar esta enfermedad. Si vives en este tipo de alojamiento, aseg\u00farate de protegerte con un mosquitero de cama.<\/p><h6>Alacranes<\/h6><p>Aseg\u00farate de revisar bien tu ropa, zapatos o saco de dormir antes de usarlos. En caso de picadura pon hielo en la herida, paraliza la parte afectada y ve inmediatamente a Pochutla a que te vea un m\u00e9dico.<\/p>\t\t\t\t\t\t\t\t<\/div>\n\t\t\t\t<\/div>\n\t\t\t\t<\/div>\n\t\t\t\t<\/div>\n\t\t\t\t\t<\/div>\n\t\t\t\t<\/div>\n\t\t\t\t<\/div>\n\t\t","protected":false},"excerpt":{"rendered":"<p>Condiciones de participaci\u00f3n Al inscribirme en un curso en Hridaya Yoga, expreso mi acuerdo con lo siguiente: Entiendo que la pr\u00e1ctica de Yoga puede implicar actividad f\u00edsica bastante intensa: largas sesiones de Hatha Yoga y largas meditaciones en posici\u00f3n sentada. Asimismo, entiendo que los retiros, talleres o cursos intensivos pueden originar purificaciones en distintos niveles: [&hellip;]<\/p>\n","protected":false},"author":1,"featured_media":118783,"parent":0,"menu_order":0,"comment_status":"closed","ping_status":"closed","template":"","meta":{"inline_featured_image":false,"footnotes":""},"categories":[],"class_list":["post-118809","page","type-page","status-publish","has-post-thumbnail","hentry"],"yoast_head":"<!-- This site is optimized with the Yoast SEO plugin v26.6 - https:\/\/yoast.com\/wordpress\/plugins\/seo\/ -->\n<title>Condiciones de participaci\u00f3n y exenci\u00f3n de responsabilidad<\/title>\n<meta name=\"robots\" content=\"index, follow, max-snippet:-1, max-image-preview:large, max-video-preview:-1\" \/>\n<link rel=\"canonical\" href=\"https:\/\/hridaya-yoga.com\/es\/lineamientos\/condiciones-participacion-clausula-exencion-responsabilidad\/\" \/>\n<meta property=\"og:locale\" content=\"es_MX\" \/>\n<meta property=\"og:type\" content=\"article\" \/>\n<meta property=\"og:title\" content=\"Condiciones de participaci\u00f3n y exenci\u00f3n de responsabilidad\" \/>\n<meta property=\"og:description\" content=\"Condiciones de participaci\u00f3n Al inscribirme en un curso en Hridaya Yoga, expreso mi acuerdo con lo siguiente: Entiendo que la pr\u00e1ctica de Yoga puede implicar actividad f\u00edsica bastante intensa: largas sesiones de Hatha Yoga y largas meditaciones en posici\u00f3n sentada. Asimismo, entiendo que los retiros, talleres o cursos intensivos pueden originar purificaciones en distintos niveles: [&hellip;]\" \/>\n<meta property=\"og:url\" content=\"https:\/\/hridaya-yoga.com\/es\/lineamientos\/condiciones-participacion-clausula-exencion-responsabilidad\/\" \/>\n<meta property=\"og:site_name\" content=\"Hridaya\" \/>\n<meta property=\"article:modified_time\" content=\"2025-12-09T20:35:58+00:00\" \/>\n<meta property=\"og:image\" content=\"https:\/\/hridaya-yoga.com\/wp-content\/uploads\/2025\/08\/01.liability-release-hridaya-mexico.webp\" \/>\n\t<meta property=\"og:image:width\" content=\"1200\" \/>\n\t<meta property=\"og:image:height\" content=\"550\" \/>\n\t<meta property=\"og:image:type\" content=\"image\/webp\" \/>\n<meta name=\"twitter:card\" content=\"summary_large_image\" \/>\n<meta name=\"twitter:label1\" content=\"Tiempo de lectura\" \/>\n\t<meta name=\"twitter:data1\" content=\"4 minutos\" \/>\n<script type=\"application\/ld+json\" class=\"yoast-schema-graph\">{\"@context\":\"https:\/\/schema.org\",\"@graph\":[{\"@type\":\"WebPage\",\"@id\":\"https:\/\/hridaya-yoga.com\/es\/lineamientos\/condiciones-participacion-clausula-exencion-responsabilidad\/\",\"url\":\"https:\/\/hridaya-yoga.com\/es\/lineamientos\/condiciones-participacion-clausula-exencion-responsabilidad\/\",\"name\":\"Condiciones de participaci\u00f3n y exenci\u00f3n de responsabilidad\",\"isPartOf\":{\"@id\":\"https:\/\/hridaya-yoga.com\/es\/#website\"},\"primaryImageOfPage\":{\"@id\":\"https:\/\/hridaya-yoga.com\/es\/lineamientos\/condiciones-participacion-clausula-exencion-responsabilidad\/#primaryimage\"},\"image\":{\"@id\":\"https:\/\/hridaya-yoga.com\/es\/lineamientos\/condiciones-participacion-clausula-exencion-responsabilidad\/#primaryimage\"},\"thumbnailUrl\":\"https:\/\/hridaya-yoga.com\/wp-content\/uploads\/2025\/08\/01.liability-release-hridaya-mexico.webp\",\"datePublished\":\"2025-07-30T03:26:36+00:00\",\"dateModified\":\"2025-12-09T20:35:58+00:00\",\"inLanguage\":\"es\",\"potentialAction\":[{\"@type\":\"ReadAction\",\"target\":[\"https:\/\/hridaya-yoga.com\/es\/lineamientos\/condiciones-participacion-clausula-exencion-responsabilidad\/\"]}]},{\"@type\":\"ImageObject\",\"inLanguage\":\"es\",\"@id\":\"https:\/\/hridaya-yoga.com\/es\/lineamientos\/condiciones-participacion-clausula-exencion-responsabilidad\/#primaryimage\",\"url\":\"https:\/\/hridaya-yoga.com\/wp-content\/uploads\/2025\/08\/01.liability-release-hridaya-mexico.webp\",\"contentUrl\":\"https:\/\/hridaya-yoga.com\/wp-content\/uploads\/2025\/08\/01.liability-release-hridaya-mexico.webp\",\"width\":1200,\"height\":550},{\"@type\":\"WebSite\",\"@id\":\"https:\/\/hridaya-yoga.com\/es\/#website\",\"url\":\"https:\/\/hridaya-yoga.com\/es\/\",\"name\":\"Hridaya Yoga\",\"description\":\"\",\"publisher\":{\"@id\":\"https:\/\/hridaya-yoga.com\/es\/#organization\"},\"potentialAction\":[{\"@type\":\"SearchAction\",\"target\":{\"@type\":\"EntryPoint\",\"urlTemplate\":\"https:\/\/hridaya-yoga.com\/es\/?s={search_term_string}\"},\"query-input\":{\"@type\":\"PropertyValueSpecification\",\"valueRequired\":true,\"valueName\":\"search_term_string\"}}],\"inLanguage\":\"es\"},{\"@type\":\"Organization\",\"@id\":\"https:\/\/hridaya-yoga.com\/es\/#organization\",\"name\":\"Hridaya Yoga\",\"url\":\"https:\/\/hridaya-yoga.com\/es\/\",\"logo\":{\"@type\":\"ImageObject\",\"inLanguage\":\"es\",\"@id\":\"https:\/\/hridaya-yoga.com\/es\/#\/schema\/logo\/image\/\",\"url\":\"https:\/\/hridaya-yoga.com\/wp-content\/uploads\/2024\/10\/logo-hridaya@2.png\",\"contentUrl\":\"https:\/\/hridaya-yoga.com\/wp-content\/uploads\/2024\/10\/logo-hridaya@2.png\",\"width\":430,\"height\":119,\"caption\":\"Hridaya Yoga\"},\"image\":{\"@id\":\"https:\/\/hridaya-yoga.com\/es\/#\/schema\/logo\/image\/\"}}]}<\/script>\n<!-- \/ Yoast SEO plugin. -->","yoast_head_json":{"title":"Condiciones de participaci\u00f3n y exenci\u00f3n de responsabilidad","robots":{"index":"index","follow":"follow","max-snippet":"max-snippet:-1","max-image-preview":"max-image-preview:large","max-video-preview":"max-video-preview:-1"},"canonical":"https:\/\/hridaya-yoga.com\/es\/lineamientos\/condiciones-participacion-clausula-exencion-responsabilidad\/","og_locale":"es_MX","og_type":"article","og_title":"Condiciones de participaci\u00f3n y exenci\u00f3n de responsabilidad","og_description":"Condiciones de participaci\u00f3n Al inscribirme en un curso en Hridaya Yoga, expreso mi acuerdo con lo siguiente: Entiendo que la pr\u00e1ctica de Yoga puede implicar actividad f\u00edsica bastante intensa: largas sesiones de Hatha Yoga y largas meditaciones en posici\u00f3n sentada. Asimismo, entiendo que los retiros, talleres o cursos intensivos pueden originar purificaciones en distintos niveles: [&hellip;]","og_url":"https:\/\/hridaya-yoga.com\/es\/lineamientos\/condiciones-participacion-clausula-exencion-responsabilidad\/","og_site_name":"Hridaya","article_modified_time":"2025-12-09T20:35:58+00:00","og_image":[{"width":1200,"height":550,"url":"https:\/\/hridaya-yoga.com\/wp-content\/uploads\/2025\/08\/01.liability-release-hridaya-mexico.webp","type":"image\/webp"}],"twitter_card":"summary_large_image","twitter_misc":{"Tiempo de lectura":"4 minutos"},"schema":{"@context":"https:\/\/schema.org","@graph":[{"@type":"WebPage","@id":"https:\/\/hridaya-yoga.com\/es\/lineamientos\/condiciones-participacion-clausula-exencion-responsabilidad\/","url":"https:\/\/hridaya-yoga.com\/es\/lineamientos\/condiciones-participacion-clausula-exencion-responsabilidad\/","name":"Condiciones de participaci\u00f3n y exenci\u00f3n de responsabilidad","isPartOf":{"@id":"https:\/\/hridaya-yoga.com\/es\/#website"},"primaryImageOfPage":{"@id":"https:\/\/hridaya-yoga.com\/es\/lineamientos\/condiciones-participacion-clausula-exencion-responsabilidad\/#primaryimage"},"image":{"@id":"https:\/\/hridaya-yoga.com\/es\/lineamientos\/condiciones-participacion-clausula-exencion-responsabilidad\/#primaryimage"},"thumbnailUrl":"https:\/\/hridaya-yoga.com\/wp-content\/uploads\/2025\/08\/01.liability-release-hridaya-mexico.webp","datePublished":"2025-07-30T03:26:36+00:00","dateModified":"2025-12-09T20:35:58+00:00","inLanguage":"es","potentialAction":[{"@type":"ReadAction","target":["https:\/\/hridaya-yoga.com\/es\/lineamientos\/condiciones-participacion-clausula-exencion-responsabilidad\/"]}]},{"@type":"ImageObject","inLanguage":"es","@id":"https:\/\/hridaya-yoga.com\/es\/lineamientos\/condiciones-participacion-clausula-exencion-responsabilidad\/#primaryimage","url":"https:\/\/hridaya-yoga.com\/wp-content\/uploads\/2025\/08\/01.liability-release-hridaya-mexico.webp","contentUrl":"https:\/\/hridaya-yoga.com\/wp-content\/uploads\/2025\/08\/01.liability-release-hridaya-mexico.webp","width":1200,"height":550},{"@type":"WebSite","@id":"https:\/\/hridaya-yoga.com\/es\/#website","url":"https:\/\/hridaya-yoga.com\/es\/","name":"Hridaya Yoga","description":"","publisher":{"@id":"https:\/\/hridaya-yoga.com\/es\/#organization"},"potentialAction":[{"@type":"SearchAction","target":{"@type":"EntryPoint","urlTemplate":"https:\/\/hridaya-yoga.com\/es\/?s={search_term_string}"},"query-input":{"@type":"PropertyValueSpecification","valueRequired":true,"valueName":"search_term_string"}}],"inLanguage":"es"},{"@type":"Organization","@id":"https:\/\/hridaya-yoga.com\/es\/#organization","name":"Hridaya Yoga","url":"https:\/\/hridaya-yoga.com\/es\/","logo":{"@type":"ImageObject","inLanguage":"es","@id":"https:\/\/hridaya-yoga.com\/es\/#\/schema\/logo\/image\/","url":"https:\/\/hridaya-yoga.com\/wp-content\/uploads\/2024\/10\/logo-hridaya@2.png","contentUrl":"https:\/\/hridaya-yoga.com\/wp-content\/uploads\/2024\/10\/logo-hridaya@2.png","width":430,"height":119,"caption":"Hridaya Yoga"},"image":{"@id":"https:\/\/hridaya-yoga.com\/es\/#\/schema\/logo\/image\/"}}]}},"_links":{"self":[{"href":"https:\/\/hridaya-yoga.com\/es\/wp-json\/wp\/v2\/pages\/118809","targetHints":{"allow":["GET"]}}],"collection":[{"href":"https:\/\/hridaya-yoga.com\/es\/wp-json\/wp\/v2\/pages"}],"about":[{"href":"https:\/\/hridaya-yoga.com\/es\/wp-json\/wp\/v2\/types\/page"}],"author":[{"embeddable":true,"href":"https:\/\/hridaya-yoga.com\/es\/wp-json\/wp\/v2\/users\/1"}],"replies":[{"embeddable":true,"href":"https:\/\/hridaya-yoga.com\/es\/wp-json\/wp\/v2\/comments?post=118809"}],"version-history":[{"count":1,"href":"https:\/\/hridaya-yoga.com\/es\/wp-json\/wp\/v2\/pages\/118809\/revisions"}],"predecessor-version":[{"id":133075,"href":"https:\/\/hridaya-yoga.com\/es\/wp-json\/wp\/v2\/pages\/118809\/revisions\/133075"}],"wp:featuredmedia":[{"embeddable":true,"href":"https:\/\/hridaya-yoga.com\/es\/wp-json\/wp\/v2\/media\/118783"}],"wp:attachment":[{"href":"https:\/\/hridaya-yoga.com\/es\/wp-json\/wp\/v2\/media?parent=118809"}],"wp:term":[{"taxonomy":"category","embeddable":true,"href":"https:\/\/hridaya-yoga.com\/es\/wp-json\/wp\/v2\/categories?post=118809"}],"curies":[{"name":"wp","href":"https:\/\/api.w.org\/{rel}","templated":true}]}}