{"id":117457,"date":"2025-07-29T21:43:45","date_gmt":"2025-07-30T03:43:45","guid":{"rendered":"https:\/\/hridaya-yoga.com\/guidelines\/mental-health-disclaimer-module-1\/"},"modified":"2025-12-09T14:35:57","modified_gmt":"2025-12-09T20:35:57","slug":"exencion-de-responsabilidad-salud-mental-modulo-1","status":"publish","type":"page","link":"https:\/\/hridaya-yoga.com\/es\/lineamientos\/exencion-de-responsabilidad-salud-mental-modulo-1\/","title":{"rendered":"Exenci\u00f3n de responsabilidad sobre salud mental: M\u00f3dulo 1 Intensivo"},"content":{"rendered":"\t\t<div data-elementor-type=\"wp-page\" data-elementor-id=\"117457\" class=\"elementor elementor-117457 elementor-112629\" data-elementor-post-type=\"page\">\n\t\t\t\t<section class=\"elementor-element elementor-element-6ac9921f e-flex e-con-boxed e-con e-parent\" data-id=\"6ac9921f\" data-element_type=\"container\" data-settings=\"{&quot;jet_parallax_layout_list&quot;:[]}\">\n\t\t\t\t\t<div class=\"e-con-inner\">\n\t\t<div class=\"elementor-element elementor-element-12bf7df7 e-con-full e-flex e-con e-child\" data-id=\"12bf7df7\" data-element_type=\"container\" data-settings=\"{&quot;background_background&quot;:&quot;classic&quot;,&quot;jet_parallax_layout_list&quot;:[]}\">\n\t\t<div class=\"elementor-element elementor-element-4a9e27bc e-con-full e-flex e-con e-child\" data-id=\"4a9e27bc\" data-element_type=\"container\" data-settings=\"{&quot;jet_parallax_layout_list&quot;:[],&quot;background_background&quot;:&quot;classic&quot;}\">\n\t\t\t\t<div class=\"elementor-element elementor-element-5837a77f elementor-widget elementor-widget-heading\" data-id=\"5837a77f\" data-element_type=\"widget\" data-widget_type=\"heading.default\">\n\t\t\t\t\t<h1 class=\"elementor-heading-title elementor-size-default\">Exenci\u00f3n de responsabilidad sobre salud mental: M\u00f3dulo 1 Intensivo<\/h1>\t\t\t\t<\/div>\n\t\t\t\t<\/div>\n\t\t\t\t<\/div>\n\t\t\t\t\t<\/div>\n\t\t\t\t<\/section>\n\t\t<div class=\"elementor-element elementor-element-4b436a20 e-flex e-con-boxed e-con e-parent\" data-id=\"4b436a20\" data-element_type=\"container\" data-settings=\"{&quot;jet_parallax_layout_list&quot;:[]}\">\n\t\t\t\t\t<div class=\"e-con-inner\">\n\t\t<div class=\"elementor-element elementor-element-4973c2cb e-con-full e-flex e-con e-child\" data-id=\"4973c2cb\" data-element_type=\"container\" data-settings=\"{&quot;jet_parallax_layout_list&quot;:[]}\">\n\t\t<div class=\"elementor-element elementor-element-6baee373 e-con-full e-flex e-con e-child\" data-id=\"6baee373\" data-element_type=\"container\" data-settings=\"{&quot;jet_parallax_layout_list&quot;:[]}\">\n\t\t<div class=\"elementor-element elementor-element-369c319 e-con-full e-flex e-con e-child\" data-id=\"369c319\" data-element_type=\"container\" data-settings=\"{&quot;jet_parallax_layout_list&quot;:[]}\">\n\t\t\t\t<\/div>\n\t\t<div class=\"elementor-element elementor-element-7f178dd1 e-con-full e-flex e-con e-child\" data-id=\"7f178dd1\" data-element_type=\"container\" data-settings=\"{&quot;jet_parallax_layout_list&quot;:[]}\">\n\t\t\t\t<div class=\"elementor-element elementor-element-19f5d287 elementor-widget elementor-widget-text-editor\" data-id=\"19f5d287\" data-element_type=\"widget\" data-widget_type=\"text-editor.default\">\n\t\t\t\t\t\t\t\t\t<p>El Retiro Hridaya Yoga: M\u00f3dulo 1 Intensivo est\u00e1 dirigido a personas que desean explorar la pr\u00e1ctica, la teor\u00eda y la filosof\u00eda del Yoga en un entorno solidario. Las actitudes espirituales recomendadas en la tradici\u00f3n y\u00f3guica enfatizan el atestiguamiento y el desapego de todos los desaf\u00edos psicomentales. Sin embargo, no est\u00e1n destinados a diagnosticar, tratar, ni controlar ninguna afecci\u00f3n de salud mental. Por lo tanto, este curso es m\u00e1s beneficioso para quienes se encuentran en un estado emocional y psicol\u00f3gico estable.<\/p>\t\t\t\t\t\t\t\t<\/div>\n\t\t\t\t<\/div>\n\t\t\t\t<\/div>\n\t\t\t\t<\/div>\n\t\t<div class=\"elementor-element elementor-element-a2d28f7 e-con-full e-flex e-con e-child\" data-id=\"a2d28f7\" data-element_type=\"container\" data-settings=\"{&quot;jet_parallax_layout_list&quot;:[]}\">\n\t\t<div class=\"elementor-element elementor-element-61fd2055 e-con-full e-flex e-con e-child\" data-id=\"61fd2055\" data-element_type=\"container\" data-settings=\"{&quot;jet_parallax_layout_list&quot;:[]}\">\n\t\t<div class=\"elementor-element elementor-element-3ccd0f6a e-con-full e-flex e-con e-child\" data-id=\"3ccd0f6a\" data-element_type=\"container\" data-settings=\"{&quot;jet_parallax_layout_list&quot;:[]}\">\n\t\t\t\t<div class=\"elementor-element elementor-element-56d9d729 elementor-widget elementor-widget-heading\" data-id=\"56d9d729\" data-element_type=\"widget\" data-widget_type=\"heading.default\">\n\t\t\t\t\t<h5 class=\"elementor-heading-title elementor-size-default\">Concientizaci\u00f3n acerca de la salud mental<\/h5>\t\t\t\t<\/div>\n\t\t\t\t<\/div>\n\t\t<div class=\"elementor-element elementor-element-6dfda52 e-con-full e-flex e-con e-child\" data-id=\"6dfda52\" data-element_type=\"container\" data-settings=\"{&quot;jet_parallax_layout_list&quot;:[]}\">\n\t\t\t\t<div class=\"elementor-element elementor-element-6bab894c elementor-widget elementor-widget-text-editor\" data-id=\"6bab894c\" data-element_type=\"widget\" data-widget_type=\"text-editor.default\">\n\t\t\t\t\t\t\t\t\t<p>Alentamos a las personas con antecedentes de problemas de salud mental graves a que eval\u00faen honestamente su estado actual de bienestar antes de inscribirse al M\u00f3dulo 1. El programa es intensivo y puede no ser adecuado para todas las personas, especialmente aquellas que actualmente experimenten problemas de salud mental.<\/p><p>Los profesores de Hridaya est\u00e1n capacitados para guiar la pr\u00e1ctica de Yoga y meditaci\u00f3n de los participantes y apoyar su desarrollo espiritual. Sin embargo, este apoyo no se extiende a la atenci\u00f3n individual de salud mental. No son profesionales de la salud mental ni est\u00e1n equipados para brindar servicios psicol\u00f3gicos de emergencia o apoyo para condiciones agudas de salud mental.<\/p><p>Ten en cuenta que el M\u00f3dulo 1 no pretende sustituir ning\u00fan tratamiento profesional de salud mental. Por lo tanto, Hridaya y sus profesores no se hacen responsables de ning\u00fan efecto adverso, incluido el empeoramiento de condiciones de salud mental preexistentes, experimentado durante o despu\u00e9s de la participaci\u00f3n en el curso.<\/p><p>Si actualmente padeces una afecci\u00f3n de salud mental grave, te recomendamos buscar apoyo profesional y retrasar la participaci\u00f3n en el M\u00f3dulo 1 hasta que te sientas m\u00e1s estable y con el apoyo necesario para tu proceso de salud mental.<\/p><p>Si tienes dudas sobre si tu situaci\u00f3n actual es \u00f3ptima para participar en el M\u00f3dulo 1 debido a problemas de salud mental pasados \u200b\u200bo actuales, te recomendamos que te comuniques con nosotros en <a href=\"mailto:info@hridaya-yoga.mx\"><span style=\"text-decoration: underline;\">M\u00e9xico<\/span><\/a> o en <span style=\"text-decoration: underline;\"><a href=\"mailto:info@hridaya-yoga.fr\">Francia<\/a><\/span> antes de inscribirte. Esto nos permitir\u00e1 determinar si este es el momento adecuado para que t\u00fa participes o si ser\u00eda mejor que esperes.<\/p><p>\u00a0<\/p>\t\t\t\t\t\t\t\t<\/div>\n\t\t\t\t<\/div>\n\t\t\t\t<\/div>\n\t\t\t\t<\/div>\n\t\t<div class=\"elementor-element elementor-element-5afcf8fa e-con-full e-flex e-con e-child\" data-id=\"5afcf8fa\" data-element_type=\"container\" data-settings=\"{&quot;jet_parallax_layout_list&quot;:[]}\">\n\t\t<div class=\"elementor-element elementor-element-6653f798 e-con-full e-flex e-con e-child\" data-id=\"6653f798\" data-element_type=\"container\" data-settings=\"{&quot;jet_parallax_layout_list&quot;:[]}\">\n\t\t<div class=\"elementor-element elementor-element-34673546 e-con-full e-flex e-con e-child\" data-id=\"34673546\" data-element_type=\"container\" data-settings=\"{&quot;jet_parallax_layout_list&quot;:[]}\">\n\t\t\t\t<div class=\"elementor-element elementor-element-2b03483a elementor-widget elementor-widget-heading\" data-id=\"2b03483a\" data-element_type=\"widget\" data-widget_type=\"heading.default\">\n\t\t\t\t\t<h5 class=\"elementor-heading-title elementor-size-default\">Declaraci\u00f3n<\/h5>\t\t\t\t<\/div>\n\t\t\t\t<\/div>\n\t\t<div class=\"elementor-element elementor-element-700e1e3c e-con-full e-flex e-con e-child\" data-id=\"700e1e3c\" data-element_type=\"container\" data-settings=\"{&quot;jet_parallax_layout_list&quot;:[]}\">\n\t\t\t\t<div class=\"elementor-element elementor-element-6ba12347 elementor-widget elementor-widget-text-editor\" data-id=\"6ba12347\" data-element_type=\"widget\" data-widget_type=\"text-editor.default\">\n\t\t\t\t\t\t\t\t\t<p>Al inscribirme al Retiro Hridaya Yoga: M\u00f3dulo 1 Intensivo, doy fe de que he le\u00eddo y comprendido la informaci\u00f3n anterior. Reconozco que la participaci\u00f3n en el M\u00f3dulo 1 no reemplaza la atenci\u00f3n de salud mental profesional y est\u00e1 destinada a personas que se encuentran en un estado emocional y psicol\u00f3gico estable. Entiendo que este curso no sustituye la terapia. Confirmo que no tengo ninguna condici\u00f3n de salud mental grave ni problemas emocionales que puedan verse exacerbados o afectados negativamente por este tipo de entorno transformativo. Entiendo que soy responsable de mi bienestar y autocuidado durante el curso. Acepto comunicarme con el equipo de Hridaya en <span style=\"text-decoration: underline;\"><a href=\"mailto:info@hridaya-yoga.mx\">M\u00e9xico<\/a><\/span> o <span style=\"text-decoration: underline;\"><a href=\"mailto:info@hridaya-yoga.fr\">Francia<\/a><\/span> en caso de tener alguna inquietud o necesitar m\u00e1s aclaraciones.<\/p>\t\t\t\t\t\t\t\t<\/div>\n\t\t\t\t<\/div>\n\t\t\t\t<\/div>\n\t\t\t\t<\/div>\n\t\t\t\t\t<\/div>\n\t\t\t\t<\/div>\n\t\t\t\t<\/div>\n\t\t","protected":false},"excerpt":{"rendered":"<p>El Retiro Hridaya Yoga: M\u00f3dulo 1 Intensivo est\u00e1 dirigido a personas que desean explorar la pr\u00e1ctica, la teor\u00eda y la filosof\u00eda del Yoga en un entorno solidario. Las actitudes espirituales recomendadas en la tradici\u00f3n y\u00f3guica enfatizan el atestiguamiento y el desapego de todos los desaf\u00edos psicomentales. Sin embargo, no est\u00e1n destinados a diagnosticar, tratar, ni [&hellip;]<\/p>\n","protected":false},"author":1,"featured_media":112608,"parent":0,"menu_order":0,"comment_status":"closed","ping_status":"closed","template":"","meta":{"inline_featured_image":false,"footnotes":""},"categories":[],"class_list":["post-117457","page","type-page","status-publish","has-post-thumbnail","hentry"],"yoast_head":"<!-- This site is optimized with the Yoast SEO plugin v26.6 - https:\/\/yoast.com\/wordpress\/plugins\/seo\/ -->\n<title>Exenci\u00f3n de responsabilidad sobre salud mental: M\u00f3dulo 1 Intensivo<\/title>\n<meta name=\"robots\" content=\"index, follow, max-snippet:-1, max-image-preview:large, max-video-preview:-1\" \/>\n<link rel=\"canonical\" href=\"https:\/\/hridaya-yoga.com\/es\/lineamientos\/exencion-de-responsabilidad-salud-mental-modulo-1\/\" \/>\n<meta property=\"og:locale\" content=\"es_MX\" \/>\n<meta property=\"og:type\" content=\"article\" \/>\n<meta property=\"og:title\" content=\"Exenci\u00f3n de responsabilidad sobre salud mental: M\u00f3dulo 1 Intensivo\" \/>\n<meta property=\"og:description\" content=\"El Retiro Hridaya Yoga: M\u00f3dulo 1 Intensivo est\u00e1 dirigido a personas que desean explorar la pr\u00e1ctica, la teor\u00eda y la filosof\u00eda del Yoga en un entorno solidario. Las actitudes espirituales recomendadas en la tradici\u00f3n y\u00f3guica enfatizan el atestiguamiento y el desapego de todos los desaf\u00edos psicomentales. Sin embargo, no est\u00e1n destinados a diagnosticar, tratar, ni [&hellip;]\" \/>\n<meta property=\"og:url\" content=\"https:\/\/hridaya-yoga.com\/es\/lineamientos\/exencion-de-responsabilidad-salud-mental-modulo-1\/\" \/>\n<meta property=\"og:site_name\" content=\"Hridaya\" \/>\n<meta property=\"article:modified_time\" content=\"2025-12-09T20:35:57+00:00\" \/>\n<meta property=\"og:image\" content=\"https:\/\/hridaya-yoga.com\/wp-content\/uploads\/2025\/07\/06.liability-release.webp\" \/>\n\t<meta property=\"og:image:width\" content=\"1920\" \/>\n\t<meta property=\"og:image:height\" content=\"1280\" \/>\n\t<meta property=\"og:image:type\" content=\"image\/webp\" \/>\n<meta name=\"twitter:card\" content=\"summary_large_image\" \/>\n<meta name=\"twitter:label1\" content=\"Tiempo de lectura\" \/>\n\t<meta name=\"twitter:data1\" content=\"3 minutos\" \/>\n<script type=\"application\/ld+json\" class=\"yoast-schema-graph\">{\"@context\":\"https:\/\/schema.org\",\"@graph\":[{\"@type\":\"WebPage\",\"@id\":\"https:\/\/hridaya-yoga.com\/es\/lineamientos\/exencion-de-responsabilidad-salud-mental-modulo-1\/\",\"url\":\"https:\/\/hridaya-yoga.com\/es\/lineamientos\/exencion-de-responsabilidad-salud-mental-modulo-1\/\",\"name\":\"Exenci\u00f3n de responsabilidad sobre salud mental: M\u00f3dulo 1 Intensivo\",\"isPartOf\":{\"@id\":\"https:\/\/hridaya-yoga.com\/es\/#website\"},\"primaryImageOfPage\":{\"@id\":\"https:\/\/hridaya-yoga.com\/es\/lineamientos\/exencion-de-responsabilidad-salud-mental-modulo-1\/#primaryimage\"},\"image\":{\"@id\":\"https:\/\/hridaya-yoga.com\/es\/lineamientos\/exencion-de-responsabilidad-salud-mental-modulo-1\/#primaryimage\"},\"thumbnailUrl\":\"https:\/\/hridaya-yoga.com\/wp-content\/uploads\/2025\/07\/06.liability-release.webp\",\"datePublished\":\"2025-07-30T03:43:45+00:00\",\"dateModified\":\"2025-12-09T20:35:57+00:00\",\"inLanguage\":\"es\",\"potentialAction\":[{\"@type\":\"ReadAction\",\"target\":[\"https:\/\/hridaya-yoga.com\/es\/lineamientos\/exencion-de-responsabilidad-salud-mental-modulo-1\/\"]}]},{\"@type\":\"ImageObject\",\"inLanguage\":\"es\",\"@id\":\"https:\/\/hridaya-yoga.com\/es\/lineamientos\/exencion-de-responsabilidad-salud-mental-modulo-1\/#primaryimage\",\"url\":\"https:\/\/hridaya-yoga.com\/wp-content\/uploads\/2025\/07\/06.liability-release.webp\",\"contentUrl\":\"https:\/\/hridaya-yoga.com\/wp-content\/uploads\/2025\/07\/06.liability-release.webp\",\"width\":1920,\"height\":1280},{\"@type\":\"WebSite\",\"@id\":\"https:\/\/hridaya-yoga.com\/es\/#website\",\"url\":\"https:\/\/hridaya-yoga.com\/es\/\",\"name\":\"Hridaya Yoga\",\"description\":\"\",\"publisher\":{\"@id\":\"https:\/\/hridaya-yoga.com\/es\/#organization\"},\"potentialAction\":[{\"@type\":\"SearchAction\",\"target\":{\"@type\":\"EntryPoint\",\"urlTemplate\":\"https:\/\/hridaya-yoga.com\/es\/?s={search_term_string}\"},\"query-input\":{\"@type\":\"PropertyValueSpecification\",\"valueRequired\":true,\"valueName\":\"search_term_string\"}}],\"inLanguage\":\"es\"},{\"@type\":\"Organization\",\"@id\":\"https:\/\/hridaya-yoga.com\/es\/#organization\",\"name\":\"Hridaya Yoga\",\"url\":\"https:\/\/hridaya-yoga.com\/es\/\",\"logo\":{\"@type\":\"ImageObject\",\"inLanguage\":\"es\",\"@id\":\"https:\/\/hridaya-yoga.com\/es\/#\/schema\/logo\/image\/\",\"url\":\"https:\/\/hridaya-yoga.com\/wp-content\/uploads\/2024\/10\/logo-hridaya@2.png\",\"contentUrl\":\"https:\/\/hridaya-yoga.com\/wp-content\/uploads\/2024\/10\/logo-hridaya@2.png\",\"width\":430,\"height\":119,\"caption\":\"Hridaya Yoga\"},\"image\":{\"@id\":\"https:\/\/hridaya-yoga.com\/es\/#\/schema\/logo\/image\/\"}}]}<\/script>\n<!-- \/ Yoast SEO plugin. -->","yoast_head_json":{"title":"Exenci\u00f3n de responsabilidad sobre salud mental: M\u00f3dulo 1 Intensivo","robots":{"index":"index","follow":"follow","max-snippet":"max-snippet:-1","max-image-preview":"max-image-preview:large","max-video-preview":"max-video-preview:-1"},"canonical":"https:\/\/hridaya-yoga.com\/es\/lineamientos\/exencion-de-responsabilidad-salud-mental-modulo-1\/","og_locale":"es_MX","og_type":"article","og_title":"Exenci\u00f3n de responsabilidad sobre salud mental: M\u00f3dulo 1 Intensivo","og_description":"El Retiro Hridaya Yoga: M\u00f3dulo 1 Intensivo est\u00e1 dirigido a personas que desean explorar la pr\u00e1ctica, la teor\u00eda y la filosof\u00eda del Yoga en un entorno solidario. Las actitudes espirituales recomendadas en la tradici\u00f3n y\u00f3guica enfatizan el atestiguamiento y el desapego de todos los desaf\u00edos psicomentales. Sin embargo, no est\u00e1n destinados a diagnosticar, tratar, ni [&hellip;]","og_url":"https:\/\/hridaya-yoga.com\/es\/lineamientos\/exencion-de-responsabilidad-salud-mental-modulo-1\/","og_site_name":"Hridaya","article_modified_time":"2025-12-09T20:35:57+00:00","og_image":[{"width":1920,"height":1280,"url":"https:\/\/hridaya-yoga.com\/wp-content\/uploads\/2025\/07\/06.liability-release.webp","type":"image\/webp"}],"twitter_card":"summary_large_image","twitter_misc":{"Tiempo de lectura":"3 minutos"},"schema":{"@context":"https:\/\/schema.org","@graph":[{"@type":"WebPage","@id":"https:\/\/hridaya-yoga.com\/es\/lineamientos\/exencion-de-responsabilidad-salud-mental-modulo-1\/","url":"https:\/\/hridaya-yoga.com\/es\/lineamientos\/exencion-de-responsabilidad-salud-mental-modulo-1\/","name":"Exenci\u00f3n de responsabilidad sobre salud mental: M\u00f3dulo 1 Intensivo","isPartOf":{"@id":"https:\/\/hridaya-yoga.com\/es\/#website"},"primaryImageOfPage":{"@id":"https:\/\/hridaya-yoga.com\/es\/lineamientos\/exencion-de-responsabilidad-salud-mental-modulo-1\/#primaryimage"},"image":{"@id":"https:\/\/hridaya-yoga.com\/es\/lineamientos\/exencion-de-responsabilidad-salud-mental-modulo-1\/#primaryimage"},"thumbnailUrl":"https:\/\/hridaya-yoga.com\/wp-content\/uploads\/2025\/07\/06.liability-release.webp","datePublished":"2025-07-30T03:43:45+00:00","dateModified":"2025-12-09T20:35:57+00:00","inLanguage":"es","potentialAction":[{"@type":"ReadAction","target":["https:\/\/hridaya-yoga.com\/es\/lineamientos\/exencion-de-responsabilidad-salud-mental-modulo-1\/"]}]},{"@type":"ImageObject","inLanguage":"es","@id":"https:\/\/hridaya-yoga.com\/es\/lineamientos\/exencion-de-responsabilidad-salud-mental-modulo-1\/#primaryimage","url":"https:\/\/hridaya-yoga.com\/wp-content\/uploads\/2025\/07\/06.liability-release.webp","contentUrl":"https:\/\/hridaya-yoga.com\/wp-content\/uploads\/2025\/07\/06.liability-release.webp","width":1920,"height":1280},{"@type":"WebSite","@id":"https:\/\/hridaya-yoga.com\/es\/#website","url":"https:\/\/hridaya-yoga.com\/es\/","name":"Hridaya Yoga","description":"","publisher":{"@id":"https:\/\/hridaya-yoga.com\/es\/#organization"},"potentialAction":[{"@type":"SearchAction","target":{"@type":"EntryPoint","urlTemplate":"https:\/\/hridaya-yoga.com\/es\/?s={search_term_string}"},"query-input":{"@type":"PropertyValueSpecification","valueRequired":true,"valueName":"search_term_string"}}],"inLanguage":"es"},{"@type":"Organization","@id":"https:\/\/hridaya-yoga.com\/es\/#organization","name":"Hridaya Yoga","url":"https:\/\/hridaya-yoga.com\/es\/","logo":{"@type":"ImageObject","inLanguage":"es","@id":"https:\/\/hridaya-yoga.com\/es\/#\/schema\/logo\/image\/","url":"https:\/\/hridaya-yoga.com\/wp-content\/uploads\/2024\/10\/logo-hridaya@2.png","contentUrl":"https:\/\/hridaya-yoga.com\/wp-content\/uploads\/2024\/10\/logo-hridaya@2.png","width":430,"height":119,"caption":"Hridaya Yoga"},"image":{"@id":"https:\/\/hridaya-yoga.com\/es\/#\/schema\/logo\/image\/"}}]}},"_links":{"self":[{"href":"https:\/\/hridaya-yoga.com\/es\/wp-json\/wp\/v2\/pages\/117457","targetHints":{"allow":["GET"]}}],"collection":[{"href":"https:\/\/hridaya-yoga.com\/es\/wp-json\/wp\/v2\/pages"}],"about":[{"href":"https:\/\/hridaya-yoga.com\/es\/wp-json\/wp\/v2\/types\/page"}],"author":[{"embeddable":true,"href":"https:\/\/hridaya-yoga.com\/es\/wp-json\/wp\/v2\/users\/1"}],"replies":[{"embeddable":true,"href":"https:\/\/hridaya-yoga.com\/es\/wp-json\/wp\/v2\/comments?post=117457"}],"version-history":[{"count":1,"href":"https:\/\/hridaya-yoga.com\/es\/wp-json\/wp\/v2\/pages\/117457\/revisions"}],"predecessor-version":[{"id":133073,"href":"https:\/\/hridaya-yoga.com\/es\/wp-json\/wp\/v2\/pages\/117457\/revisions\/133073"}],"wp:featuredmedia":[{"embeddable":true,"href":"https:\/\/hridaya-yoga.com\/es\/wp-json\/wp\/v2\/media\/112608"}],"wp:attachment":[{"href":"https:\/\/hridaya-yoga.com\/es\/wp-json\/wp\/v2\/media?parent=117457"}],"wp:term":[{"taxonomy":"category","embeddable":true,"href":"https:\/\/hridaya-yoga.com\/es\/wp-json\/wp\/v2\/categories?post=117457"}],"curies":[{"name":"wp","href":"https:\/\/api.w.org\/{rel}","templated":true}]}}