{"id":117424,"date":"2025-07-29T21:26:36","date_gmt":"2025-07-30T03:26:36","guid":{"rendered":"https:\/\/hridaya-yoga.com\/guidelines\/mental-health-disclaimer-retreats\/"},"modified":"2025-12-09T14:35:57","modified_gmt":"2025-12-09T20:35:57","slug":"exencion-de-responsabilidad-salud-mental-retiros","status":"publish","type":"page","link":"https:\/\/hridaya-yoga.com\/es\/lineamientos\/exencion-de-responsabilidad-salud-mental-retiros\/","title":{"rendered":"Exenci\u00f3n de responsabilidad sobre salud mental: Retiros de meditaci\u00f3n"},"content":{"rendered":"\t\t<div data-elementor-type=\"wp-page\" data-elementor-id=\"117424\" class=\"elementor elementor-117424 elementor-112605\" data-elementor-post-type=\"page\">\n\t\t\t\t<section class=\"elementor-element elementor-element-1183f3e e-flex e-con-boxed e-con e-parent\" data-id=\"1183f3e\" data-element_type=\"container\" data-settings=\"{&quot;jet_parallax_layout_list&quot;:[]}\">\n\t\t\t\t\t<div class=\"e-con-inner\">\n\t\t<div class=\"elementor-element elementor-element-2b2c3a4c e-con-full e-flex e-con e-child\" data-id=\"2b2c3a4c\" data-element_type=\"container\" data-settings=\"{&quot;background_background&quot;:&quot;classic&quot;,&quot;jet_parallax_layout_list&quot;:[]}\">\n\t\t<div class=\"elementor-element elementor-element-5e960cc2 e-con-full e-flex e-con e-child\" data-id=\"5e960cc2\" data-element_type=\"container\" data-settings=\"{&quot;jet_parallax_layout_list&quot;:[],&quot;background_background&quot;:&quot;classic&quot;}\">\n\t\t\t\t<div class=\"elementor-element elementor-element-7bf506e elementor-widget elementor-widget-heading\" data-id=\"7bf506e\" data-element_type=\"widget\" data-widget_type=\"heading.default\">\n\t\t\t\t\t<h1 class=\"elementor-heading-title elementor-size-default\">Exenci\u00f3n de responsabilidad sobre salud mental: Retiros de meditaci\u00f3n<\/h1>\t\t\t\t<\/div>\n\t\t\t\t<\/div>\n\t\t\t\t<\/div>\n\t\t\t\t\t<\/div>\n\t\t\t\t<\/section>\n\t\t<div class=\"elementor-element elementor-element-6e62a683 e-flex e-con-boxed e-con e-parent\" data-id=\"6e62a683\" data-element_type=\"container\" data-settings=\"{&quot;jet_parallax_layout_list&quot;:[]}\">\n\t\t\t\t\t<div class=\"e-con-inner\">\n\t\t<div class=\"elementor-element elementor-element-ccabd2b e-con-full e-flex e-con e-child\" data-id=\"ccabd2b\" data-element_type=\"container\" data-settings=\"{&quot;jet_parallax_layout_list&quot;:[]}\">\n\t\t<div class=\"elementor-element elementor-element-ecd5c21 e-con-full e-flex e-con e-child\" data-id=\"ecd5c21\" data-element_type=\"container\" data-settings=\"{&quot;jet_parallax_layout_list&quot;:[]}\">\n\t\t<div class=\"elementor-element elementor-element-6d59e4dd e-con-full e-flex e-con e-child\" data-id=\"6d59e4dd\" data-element_type=\"container\" data-settings=\"{&quot;jet_parallax_layout_list&quot;:[]}\">\n\t\t\t\t<\/div>\n\t\t<div class=\"elementor-element elementor-element-36424f60 e-con-full e-flex e-con e-child\" data-id=\"36424f60\" data-element_type=\"container\" data-settings=\"{&quot;jet_parallax_layout_list&quot;:[]}\">\n\t\t\t\t<div class=\"elementor-element elementor-element-37b9bce elementor-widget elementor-widget-text-editor\" data-id=\"37b9bce\" data-element_type=\"widget\" data-widget_type=\"text-editor.default\">\n\t\t\t\t\t\t\t\t\t<p>Los Retiros Hridaya de meditaci\u00f3n en silencio est\u00e1n dirigidos a aspirantes espirituales que buscan armon\u00eda interior, paz, amor, autoconocimiento, y apertura del Coraz\u00f3n en un entorno solidario pero tambi\u00e9n intensivo enfocado en la Indagaci\u00f3n de Uno Mismo. Nuestros retiros son m\u00e1s beneficiosos para quienes se encuentran en un estado emocional y psicol\u00f3gico estable que deseen aprender a meditar, conocerse a s\u00ed mismos a un nivel m\u00e1s profundo, o profundizar en su pr\u00e1ctica de meditaci\u00f3n y de percataci\u00f3n de Uno Mismo. Las actitudes espirituales recomendadas en la tradici\u00f3n y\u00f3guica enfatizan el atestiguamiento y el desapego de todos los desaf\u00edos psicomentales. Sin embargo, no est\u00e1n destinados a diagnosticar, tratar, ni controlar ninguna afecci\u00f3n de salud mental.<\/p>\t\t\t\t\t\t\t\t<\/div>\n\t\t\t\t<\/div>\n\t\t\t\t<\/div>\n\t\t\t\t<\/div>\n\t\t<div class=\"elementor-element elementor-element-12d09636 e-con-full e-flex e-con e-child\" data-id=\"12d09636\" data-element_type=\"container\" data-settings=\"{&quot;jet_parallax_layout_list&quot;:[]}\">\n\t\t<div class=\"elementor-element elementor-element-1e5a5e80 e-con-full e-flex e-con e-child\" data-id=\"1e5a5e80\" data-element_type=\"container\" data-settings=\"{&quot;jet_parallax_layout_list&quot;:[]}\">\n\t\t<div class=\"elementor-element elementor-element-1b652b34 e-con-full e-flex e-con e-child\" data-id=\"1b652b34\" data-element_type=\"container\" data-settings=\"{&quot;jet_parallax_layout_list&quot;:[]}\">\n\t\t\t\t<div class=\"elementor-element elementor-element-2f8cea85 elementor-widget elementor-widget-heading\" data-id=\"2f8cea85\" data-element_type=\"widget\" data-widget_type=\"heading.default\">\n\t\t\t\t\t<h5 class=\"elementor-heading-title elementor-size-default\">Concientizaci\u00f3n acerca de la salud mental<\/h5>\t\t\t\t<\/div>\n\t\t\t\t<\/div>\n\t\t<div class=\"elementor-element elementor-element-1ceac6a2 e-con-full e-flex e-con e-child\" data-id=\"1ceac6a2\" data-element_type=\"container\" data-settings=\"{&quot;jet_parallax_layout_list&quot;:[]}\">\n\t\t\t\t<div class=\"elementor-element elementor-element-1187b754 elementor-widget elementor-widget-text-editor\" data-id=\"1187b754\" data-element_type=\"widget\" data-widget_type=\"text-editor.default\">\n\t\t\t\t\t\t\t\t\t<p>Alentamos a las personas con antecedentes de problemas de salud mental graves a que eval\u00faen honestamente su estado actual de bienestar antes de inscribirse a nuestros retiros. Nuestros programas son intensos e introspectivos, y pueden no ser adecuados para todas las personas o en todo momento.<\/p><p>Los gu\u00edas y coordinadores de los Retiros Hridaya est\u00e1n capacitados para guiar la meditaci\u00f3n de los participantes y su pr\u00e1ctica espiritual. Sin embargo, este apoyo no se extiende a la atenci\u00f3n individual de salud mental. No son profesionales de la salud mental ni est\u00e1n equipados para brindar servicios psicol\u00f3gicos de emergencia o apoyo para condiciones agudas de salud mental.<\/p><p>Ten en cuenta que los Retiros Hridaya no pretenden sustituir ning\u00fan tratamiento profesional de salud mental. Por lo tanto, Hridaya y sus facilitadores no se hacen responsables de ning\u00fan efecto adverso, incluido el empeoramiento de condiciones de salud mental preexistentes, experimentado durante o despu\u00e9s de la participaci\u00f3n en el curso.<\/p><p>Si actualmente padeces una afecci\u00f3n de salud mental grave, te recomendamos buscar apoyo profesional y retrasar tu participaci\u00f3n en el retiro hasta que te sientas m\u00e1s estable y con el apoyo necesario para tu proceso de salud mental.<\/p><p>Si tiene dudas sobre si tu situaci\u00f3n actual es \u00f3ptima para participar en el Retiro Hridaya de meditaci\u00f3n en silencio debido a problemas de salud mental pasados \u200b\u200bo actuales, te recomendamos que te comuniques con nosotros en <span style=\"text-decoration: underline;\"><a href=\"mailto:info@hridaya-yoga.mx\">M\u00e9xico<\/a><\/span> o en <span style=\"text-decoration: underline;\"><a href=\"mailto:info@hridaya-yoga.fr\">Francia<\/a><\/span> antes de inscribirte. Esto nos permitir\u00e1 determinar si este es el momento adecuado para que t\u00fa participes o si ser\u00eda mejor que esperes.<\/p>\t\t\t\t\t\t\t\t<\/div>\n\t\t\t\t<\/div>\n\t\t\t\t<\/div>\n\t\t\t\t<\/div>\n\t\t<div class=\"elementor-element elementor-element-6bf5ce4a e-con-full e-flex e-con e-child\" data-id=\"6bf5ce4a\" data-element_type=\"container\" data-settings=\"{&quot;jet_parallax_layout_list&quot;:[]}\">\n\t\t<div class=\"elementor-element elementor-element-603169e3 e-con-full e-flex e-con e-child\" data-id=\"603169e3\" data-element_type=\"container\" data-settings=\"{&quot;jet_parallax_layout_list&quot;:[]}\">\n\t\t<div class=\"elementor-element elementor-element-2bc0e2cd e-con-full e-flex e-con e-child\" data-id=\"2bc0e2cd\" data-element_type=\"container\" data-settings=\"{&quot;jet_parallax_layout_list&quot;:[]}\">\n\t\t\t\t<div class=\"elementor-element elementor-element-516b1246 elementor-widget elementor-widget-heading\" data-id=\"516b1246\" data-element_type=\"widget\" data-widget_type=\"heading.default\">\n\t\t\t\t\t<h5 class=\"elementor-heading-title elementor-size-default\">Declaraci\u00f3n<\/h5>\t\t\t\t<\/div>\n\t\t\t\t<\/div>\n\t\t<div class=\"elementor-element elementor-element-7dd04cd5 e-con-full e-flex e-con e-child\" data-id=\"7dd04cd5\" data-element_type=\"container\" data-settings=\"{&quot;jet_parallax_layout_list&quot;:[]}\">\n\t\t\t\t<div class=\"elementor-element elementor-element-651a5695 elementor-widget elementor-widget-text-editor\" data-id=\"651a5695\" data-element_type=\"widget\" data-widget_type=\"text-editor.default\">\n\t\t\t\t\t\t\t\t\t<p>Al inscribirme al Retiro Hridaya de meditaci\u00f3n en silencio, doy fe de que he le\u00eddo y comprendido la informaci\u00f3n anterior. Reconozco que los retiros no reemplazan la atenci\u00f3n de salud mental profesional y que est\u00e1n destinados a personas que se encuentran en un estado emocional y psicol\u00f3gico estable. Entiendo que este retiro no sustituye una terapia. Confirmo que no tengo ninguna condici\u00f3n de salud mental grave ni problemas emocionales que puedan verse exacerbados o afectados negativamente por este tipo de entorno transformativo. Entiendo que soy responsable de mi bienestar y autocuidado durante el curso. Acepto comunicarme con el equipo de Hridaya en <a href=\"mailto:info@hridaya-yoga.mx\"><span style=\"text-decoration: underline;\">M\u00e9xico<\/span><\/a> o <span style=\"text-decoration: underline;\"><a href=\"mailto:info@hridaya-yoga.fr\" data-wplink-edit=\"true\">Francia<\/a><\/span> en caso de tener alguna inquietud o necesitar m\u00e1s aclaraciones.<\/p>\t\t\t\t\t\t\t\t<\/div>\n\t\t\t\t<\/div>\n\t\t\t\t<\/div>\n\t\t\t\t<\/div>\n\t\t\t\t\t<\/div>\n\t\t\t\t<\/div>\n\t\t\t\t<\/div>\n\t\t","protected":false},"excerpt":{"rendered":"<p>Los Retiros Hridaya de meditaci\u00f3n en silencio est\u00e1n dirigidos a aspirantes espirituales que buscan armon\u00eda interior, paz, amor, autoconocimiento, y apertura del Coraz\u00f3n en un entorno solidario pero tambi\u00e9n intensivo enfocado en la Indagaci\u00f3n de Uno Mismo. Nuestros retiros son m\u00e1s beneficiosos para quienes se encuentran en un estado emocional y psicol\u00f3gico estable que deseen [&hellip;]<\/p>\n","protected":false},"author":1,"featured_media":112608,"parent":0,"menu_order":0,"comment_status":"closed","ping_status":"closed","template":"","meta":{"inline_featured_image":false,"footnotes":""},"categories":[],"class_list":["post-117424","page","type-page","status-publish","has-post-thumbnail","hentry"],"yoast_head":"<!-- This site is optimized with the Yoast SEO plugin v26.6 - https:\/\/yoast.com\/wordpress\/plugins\/seo\/ -->\n<title>Exenci\u00f3n de responsabilidad sobre salud mental: Retiros de meditaci\u00f3n<\/title>\n<meta name=\"robots\" content=\"index, follow, max-snippet:-1, max-image-preview:large, max-video-preview:-1\" \/>\n<link rel=\"canonical\" href=\"https:\/\/hridaya-yoga.com\/es\/lineamientos\/exencion-de-responsabilidad-salud-mental-retiros\/\" \/>\n<meta property=\"og:locale\" content=\"es_MX\" \/>\n<meta property=\"og:type\" content=\"article\" \/>\n<meta property=\"og:title\" content=\"Exenci\u00f3n de responsabilidad sobre salud mental: Retiros de meditaci\u00f3n\" \/>\n<meta property=\"og:description\" content=\"Los Retiros Hridaya de meditaci\u00f3n en silencio est\u00e1n dirigidos a aspirantes espirituales que buscan armon\u00eda interior, paz, amor, autoconocimiento, y apertura del Coraz\u00f3n en un entorno solidario pero tambi\u00e9n intensivo enfocado en la Indagaci\u00f3n de Uno Mismo. Nuestros retiros son m\u00e1s beneficiosos para quienes se encuentran en un estado emocional y psicol\u00f3gico estable que deseen [&hellip;]\" \/>\n<meta property=\"og:url\" content=\"https:\/\/hridaya-yoga.com\/es\/lineamientos\/exencion-de-responsabilidad-salud-mental-retiros\/\" \/>\n<meta property=\"og:site_name\" content=\"Hridaya\" \/>\n<meta property=\"article:modified_time\" content=\"2025-12-09T20:35:57+00:00\" \/>\n<meta property=\"og:image\" content=\"https:\/\/hridaya-yoga.com\/wp-content\/uploads\/2025\/07\/06.liability-release.webp\" \/>\n\t<meta property=\"og:image:width\" content=\"1920\" \/>\n\t<meta property=\"og:image:height\" content=\"1280\" \/>\n\t<meta property=\"og:image:type\" content=\"image\/webp\" \/>\n<meta name=\"twitter:card\" content=\"summary_large_image\" \/>\n<meta name=\"twitter:label1\" content=\"Tiempo de lectura\" \/>\n\t<meta name=\"twitter:data1\" content=\"3 minutos\" \/>\n<script type=\"application\/ld+json\" class=\"yoast-schema-graph\">{\"@context\":\"https:\/\/schema.org\",\"@graph\":[{\"@type\":\"WebPage\",\"@id\":\"https:\/\/hridaya-yoga.com\/es\/lineamientos\/exencion-de-responsabilidad-salud-mental-retiros\/\",\"url\":\"https:\/\/hridaya-yoga.com\/es\/lineamientos\/exencion-de-responsabilidad-salud-mental-retiros\/\",\"name\":\"Exenci\u00f3n de responsabilidad sobre salud mental: Retiros de meditaci\u00f3n\",\"isPartOf\":{\"@id\":\"https:\/\/hridaya-yoga.com\/es\/#website\"},\"primaryImageOfPage\":{\"@id\":\"https:\/\/hridaya-yoga.com\/es\/lineamientos\/exencion-de-responsabilidad-salud-mental-retiros\/#primaryimage\"},\"image\":{\"@id\":\"https:\/\/hridaya-yoga.com\/es\/lineamientos\/exencion-de-responsabilidad-salud-mental-retiros\/#primaryimage\"},\"thumbnailUrl\":\"https:\/\/hridaya-yoga.com\/wp-content\/uploads\/2025\/07\/06.liability-release.webp\",\"datePublished\":\"2025-07-30T03:26:36+00:00\",\"dateModified\":\"2025-12-09T20:35:57+00:00\",\"inLanguage\":\"es\",\"potentialAction\":[{\"@type\":\"ReadAction\",\"target\":[\"https:\/\/hridaya-yoga.com\/es\/lineamientos\/exencion-de-responsabilidad-salud-mental-retiros\/\"]}]},{\"@type\":\"ImageObject\",\"inLanguage\":\"es\",\"@id\":\"https:\/\/hridaya-yoga.com\/es\/lineamientos\/exencion-de-responsabilidad-salud-mental-retiros\/#primaryimage\",\"url\":\"https:\/\/hridaya-yoga.com\/wp-content\/uploads\/2025\/07\/06.liability-release.webp\",\"contentUrl\":\"https:\/\/hridaya-yoga.com\/wp-content\/uploads\/2025\/07\/06.liability-release.webp\",\"width\":1920,\"height\":1280},{\"@type\":\"WebSite\",\"@id\":\"https:\/\/hridaya-yoga.com\/es\/#website\",\"url\":\"https:\/\/hridaya-yoga.com\/es\/\",\"name\":\"Hridaya Yoga\",\"description\":\"\",\"publisher\":{\"@id\":\"https:\/\/hridaya-yoga.com\/es\/#organization\"},\"potentialAction\":[{\"@type\":\"SearchAction\",\"target\":{\"@type\":\"EntryPoint\",\"urlTemplate\":\"https:\/\/hridaya-yoga.com\/es\/?s={search_term_string}\"},\"query-input\":{\"@type\":\"PropertyValueSpecification\",\"valueRequired\":true,\"valueName\":\"search_term_string\"}}],\"inLanguage\":\"es\"},{\"@type\":\"Organization\",\"@id\":\"https:\/\/hridaya-yoga.com\/es\/#organization\",\"name\":\"Hridaya Yoga\",\"url\":\"https:\/\/hridaya-yoga.com\/es\/\",\"logo\":{\"@type\":\"ImageObject\",\"inLanguage\":\"es\",\"@id\":\"https:\/\/hridaya-yoga.com\/es\/#\/schema\/logo\/image\/\",\"url\":\"https:\/\/hridaya-yoga.com\/wp-content\/uploads\/2024\/10\/logo-hridaya@2.png\",\"contentUrl\":\"https:\/\/hridaya-yoga.com\/wp-content\/uploads\/2024\/10\/logo-hridaya@2.png\",\"width\":430,\"height\":119,\"caption\":\"Hridaya Yoga\"},\"image\":{\"@id\":\"https:\/\/hridaya-yoga.com\/es\/#\/schema\/logo\/image\/\"}}]}<\/script>\n<!-- \/ Yoast SEO plugin. -->","yoast_head_json":{"title":"Exenci\u00f3n de responsabilidad sobre salud mental: Retiros de meditaci\u00f3n","robots":{"index":"index","follow":"follow","max-snippet":"max-snippet:-1","max-image-preview":"max-image-preview:large","max-video-preview":"max-video-preview:-1"},"canonical":"https:\/\/hridaya-yoga.com\/es\/lineamientos\/exencion-de-responsabilidad-salud-mental-retiros\/","og_locale":"es_MX","og_type":"article","og_title":"Exenci\u00f3n de responsabilidad sobre salud mental: Retiros de meditaci\u00f3n","og_description":"Los Retiros Hridaya de meditaci\u00f3n en silencio est\u00e1n dirigidos a aspirantes espirituales que buscan armon\u00eda interior, paz, amor, autoconocimiento, y apertura del Coraz\u00f3n en un entorno solidario pero tambi\u00e9n intensivo enfocado en la Indagaci\u00f3n de Uno Mismo. Nuestros retiros son m\u00e1s beneficiosos para quienes se encuentran en un estado emocional y psicol\u00f3gico estable que deseen [&hellip;]","og_url":"https:\/\/hridaya-yoga.com\/es\/lineamientos\/exencion-de-responsabilidad-salud-mental-retiros\/","og_site_name":"Hridaya","article_modified_time":"2025-12-09T20:35:57+00:00","og_image":[{"width":1920,"height":1280,"url":"https:\/\/hridaya-yoga.com\/wp-content\/uploads\/2025\/07\/06.liability-release.webp","type":"image\/webp"}],"twitter_card":"summary_large_image","twitter_misc":{"Tiempo de lectura":"3 minutos"},"schema":{"@context":"https:\/\/schema.org","@graph":[{"@type":"WebPage","@id":"https:\/\/hridaya-yoga.com\/es\/lineamientos\/exencion-de-responsabilidad-salud-mental-retiros\/","url":"https:\/\/hridaya-yoga.com\/es\/lineamientos\/exencion-de-responsabilidad-salud-mental-retiros\/","name":"Exenci\u00f3n de responsabilidad sobre salud mental: Retiros de meditaci\u00f3n","isPartOf":{"@id":"https:\/\/hridaya-yoga.com\/es\/#website"},"primaryImageOfPage":{"@id":"https:\/\/hridaya-yoga.com\/es\/lineamientos\/exencion-de-responsabilidad-salud-mental-retiros\/#primaryimage"},"image":{"@id":"https:\/\/hridaya-yoga.com\/es\/lineamientos\/exencion-de-responsabilidad-salud-mental-retiros\/#primaryimage"},"thumbnailUrl":"https:\/\/hridaya-yoga.com\/wp-content\/uploads\/2025\/07\/06.liability-release.webp","datePublished":"2025-07-30T03:26:36+00:00","dateModified":"2025-12-09T20:35:57+00:00","inLanguage":"es","potentialAction":[{"@type":"ReadAction","target":["https:\/\/hridaya-yoga.com\/es\/lineamientos\/exencion-de-responsabilidad-salud-mental-retiros\/"]}]},{"@type":"ImageObject","inLanguage":"es","@id":"https:\/\/hridaya-yoga.com\/es\/lineamientos\/exencion-de-responsabilidad-salud-mental-retiros\/#primaryimage","url":"https:\/\/hridaya-yoga.com\/wp-content\/uploads\/2025\/07\/06.liability-release.webp","contentUrl":"https:\/\/hridaya-yoga.com\/wp-content\/uploads\/2025\/07\/06.liability-release.webp","width":1920,"height":1280},{"@type":"WebSite","@id":"https:\/\/hridaya-yoga.com\/es\/#website","url":"https:\/\/hridaya-yoga.com\/es\/","name":"Hridaya Yoga","description":"","publisher":{"@id":"https:\/\/hridaya-yoga.com\/es\/#organization"},"potentialAction":[{"@type":"SearchAction","target":{"@type":"EntryPoint","urlTemplate":"https:\/\/hridaya-yoga.com\/es\/?s={search_term_string}"},"query-input":{"@type":"PropertyValueSpecification","valueRequired":true,"valueName":"search_term_string"}}],"inLanguage":"es"},{"@type":"Organization","@id":"https:\/\/hridaya-yoga.com\/es\/#organization","name":"Hridaya Yoga","url":"https:\/\/hridaya-yoga.com\/es\/","logo":{"@type":"ImageObject","inLanguage":"es","@id":"https:\/\/hridaya-yoga.com\/es\/#\/schema\/logo\/image\/","url":"https:\/\/hridaya-yoga.com\/wp-content\/uploads\/2024\/10\/logo-hridaya@2.png","contentUrl":"https:\/\/hridaya-yoga.com\/wp-content\/uploads\/2024\/10\/logo-hridaya@2.png","width":430,"height":119,"caption":"Hridaya Yoga"},"image":{"@id":"https:\/\/hridaya-yoga.com\/es\/#\/schema\/logo\/image\/"}}]}},"_links":{"self":[{"href":"https:\/\/hridaya-yoga.com\/es\/wp-json\/wp\/v2\/pages\/117424","targetHints":{"allow":["GET"]}}],"collection":[{"href":"https:\/\/hridaya-yoga.com\/es\/wp-json\/wp\/v2\/pages"}],"about":[{"href":"https:\/\/hridaya-yoga.com\/es\/wp-json\/wp\/v2\/types\/page"}],"author":[{"embeddable":true,"href":"https:\/\/hridaya-yoga.com\/es\/wp-json\/wp\/v2\/users\/1"}],"replies":[{"embeddable":true,"href":"https:\/\/hridaya-yoga.com\/es\/wp-json\/wp\/v2\/comments?post=117424"}],"version-history":[{"count":1,"href":"https:\/\/hridaya-yoga.com\/es\/wp-json\/wp\/v2\/pages\/117424\/revisions"}],"predecessor-version":[{"id":133072,"href":"https:\/\/hridaya-yoga.com\/es\/wp-json\/wp\/v2\/pages\/117424\/revisions\/133072"}],"wp:featuredmedia":[{"embeddable":true,"href":"https:\/\/hridaya-yoga.com\/es\/wp-json\/wp\/v2\/media\/112608"}],"wp:attachment":[{"href":"https:\/\/hridaya-yoga.com\/es\/wp-json\/wp\/v2\/media?parent=117424"}],"wp:term":[{"taxonomy":"category","embeddable":true,"href":"https:\/\/hridaya-yoga.com\/es\/wp-json\/wp\/v2\/categories?post=117424"}],"curies":[{"name":"wp","href":"https:\/\/api.w.org\/{rel}","templated":true}]}}